{"id":2376,"date":"2025-09-23T16:25:07","date_gmt":"2025-09-23T14:25:07","guid":{"rendered":"https:\/\/femevi.es\/politica-de-cookies\/"},"modified":"2025-12-24T11:00:25","modified_gmt":"2025-12-24T10:00:25","slug":"politica-de-cookies","status":"publish","type":"page","link":"https:\/\/femevi.es\/ca\/politica-de-cookies\/","title":{"rendered":"Pol\u00edtica de cookies"},"content":{"rendered":"\t\t<div data-elementor-type=\"wp-page\" data-elementor-id=\"2376\" class=\"elementor elementor-2376 elementor-1995\" data-elementor-post-type=\"page\">\n\t\t\t\t<div class=\"elementor-element elementor-element-e97f2b3 e-con-full e-flex e-con e-parent\" data-id=\"e97f2b3\" data-element_type=\"container\" data-e-type=\"container\">\n\t\t<div class=\"elementor-element elementor-element-33c0c57 e-con-full e-flex e-con e-child\" data-id=\"33c0c57\" data-element_type=\"container\" data-e-type=\"container\">\n\t\t<div class=\"elementor-element elementor-element-baea164 e-con-full e-flex e-con e-child\" data-id=\"baea164\" data-element_type=\"container\" data-e-type=\"container\">\n\t\t\t\t<div class=\"elementor-element elementor-element-0f6b085 elementor-widget elementor-widget-heading\" data-id=\"0f6b085\" data-element_type=\"widget\" data-e-type=\"widget\" data-widget_type=\"heading.default\">\n\t\t\t\t<div class=\"elementor-widget-container\">\n\t\t\t\t\t<h2 class=\"elementor-heading-title elementor-size-default\">Pol\u00edtica de cookies<\/h2>\t\t\t\t<\/div>\n\t\t\t\t<\/div>\n\t\t\t\t<\/div>\n\t\t<div class=\"elementor-element elementor-element-cbc7c84 e-con-full e-flex e-con e-child\" data-id=\"cbc7c84\" data-element_type=\"container\" data-e-type=\"container\">\n\t\t\t\t<\/div>\n\t\t\t\t<\/div>\n\t\t\t\t<div class=\"elementor-element elementor-element-bdab0b0 elementor-widget__width-inherit elementor-widget elementor-widget-text-editor\" data-id=\"bdab0b0\" data-element_type=\"widget\" data-e-type=\"widget\" data-widget_type=\"text-editor.default\">\n\t\t\t\t<div class=\"elementor-widget-container\">\n\t\t\t\t\t\t\t\t\t<p><b>1. INTRODUCCI\u00d3<\/b><\/p><p><span style=\"font-weight: 400;\">La web de <\/span><b>Ferralla i Metalls Vilamalla S.L.<\/b><span style=\"font-weight: 400;\"> utilitza cookies pr\u00f2pies i de tercers. Una cookie \u00e9s un fitxer que es descarrega al vostre ordinador en accedir a determinades p\u00e0gines web, entre altres finalitats, assegurar el correcte funcionament de la p\u00e0gina, permetre a l&#8217;usuari un acc\u00e9s m\u00e9s r\u00e0pid als serveis seleccionats, emmagatzemar i recuperar informaci\u00f3 sobre els h\u00e0bits de navegaci\u00f3 d&#8217;un usuari o del seu equip i, fins i tot, depenent de la informaci\u00f3 que continguin i de la forma en qu\u00e8 utilitzi el seu equip, es poden utilitzar per recon\u00e8ixer l&#8217;usuari. Les cookies s&#8217;associen \u00fanicament a un usuari an\u00f2nim i el seu ordinador o dispositiu i no proporcionen refer\u00e8ncies que permetin con\u00e8ixer les seves dades personals, tret de perm\u00eds expr\u00e9s d&#8217;aquest.<\/span><\/p><p><span style=\"font-weight: 400;\">L&#8217;usuari pot, en tot moment, acceptar o rebutjar les cookies instal\u00b7lades que no siguin estrictament necess\u00e0ries per al correcte funcionament del web i l&#8217;acc\u00e9s a l&#8217;usuari als seus serveis, a trav\u00e9s del panell d&#8217;ajust de cookies proporcionat al nostre web. Aix\u00ed mateix, podr\u00e0 configurar el seu navegador en tot moment sense que aix\u00f2 perjudiqui la possibilitat de l&#8217;usuari d&#8217;accedir als continguts. No obstant aix\u00f2, l&#8217;informem que el rebuig de les cookies pot disminuir el bon funcionament del web.  <\/span><\/p><p> <\/p><p><b>2. COOKIES AFECTADES PER LA NORMATIVA I COOKIES EXEMPTES<\/b><\/p><p><span style=\"font-weight: 400;\">Segons la directiva de la UE, les cookies que requereixen el consentiment informat per part de l&#8217;usuari s\u00f3n les cookies d&#8217;anal\u00edtica, les de publicitat i afiliaci\u00f3, i queden exceptuades les de car\u00e0cter t\u00e8cnic i les necess\u00e0ries per al funcionament del lloc web o la prestaci\u00f3 de serveis expressament demandats per l&#8217;usuari.<\/span><\/p><p><b>3. TIPUS DE COOKIES<\/b><\/p><p><span style=\"font-weight: 400;\">a) Segons l&#8217;<\/span><b>entitat que les gestioni<\/b><span style=\"font-weight: 400;\">, hi ha cookies <\/span><b>pr\u00f2pies<\/b><span style=\"font-weight: 400;\"> (aquelles que s&#8217;envien a l&#8217;equip terminal de l&#8217;usuari des d&#8217;un equip o domini gestionat pel mateix editor i des del qual es presta el servei sol\u00b7licitat per l&#8217;usuari) i de <\/span><b>tercers<\/b><span style=\"font-weight: 400;\"> (les que s&#8217;envien a l&#8217;equip terminal de l&#8217;usuari des d&#8217;un equip o domini que no \u00e9s gestionat per l&#8217;editor, sin\u00f3 per una altra entitat que tracta les dades obtingudes mitjan\u00e7ant les galetes).<\/span><\/p><p><span style=\"font-weight: 400;\">b) Segons el <\/span><b>temps que romanen actives<\/b><span style=\"font-weight: 400;\">, hi ha les de <\/span><b>sessi\u00f3<\/b><span style=\"font-weight: 400;\"> (dissenyades per recaptar i emmagatzemar dades mentre l&#8217;usuari accedeix a una p\u00e0gina web) i les <\/span><b>persistents<\/b><span style=\"font-weight: 400;\"> (en qu\u00e8 les dades s&#8217;emmagatzemen al terminal i poden ser accedides i tractades durant un per\u00edode definit pel responsable de la cookie -pot anar d&#8217;uns minuts a diversos anys-).<\/span><\/p><p><span style=\"font-weight: 400;\">c) Segons la <\/span><b>finalitat<\/b><span style=\"font-weight: 400;\"> per a la qual tractin la informaci\u00f3 que recopilen, poden ser:<\/span><\/p><p><span style=\"font-weight: 400;\">&#8211; <\/span><b>Cookies t\u00e8cniques<\/b><span style=\"font-weight: 400;\"> (necess\u00e0ries per a l&#8217;\u00fas del web i la prestaci\u00f3 del servei contractat), <\/span> <\/p><p><span style=\"font-weight: 400;\">&#8211; <\/span><b>Cookies de personalitzaci\u00f3<\/b><span style=\"font-weight: 400;\"> (que permeten a l&#8217;usuari accedir al servei amb caracter\u00edstiques predefinides, com ara l&#8217;idioma, el tipus de navegador, la configuraci\u00f3 regional, etc.)<\/span><\/p><p><span style=\"font-weight: 400;\">&#8211; <\/span><b>Cookies d&#8217;an\u00e0lisi<\/b><span style=\"font-weight: 400;\"> (recullen informaci\u00f3 sobre l&#8217;\u00fas que es fa del web),<\/span><\/p><p><span style=\"font-weight: 400;\">&#8211; <\/span><b>Cookies publicit\u00e0ries<\/b><span style=\"font-weight: 400;\"> (recullen informaci\u00f3 sobre les prefer\u00e8ncies i eleccions personals dels usuaris),<\/span><\/p><p><span style=\"font-weight: 400;\">&#8211; <\/span><b>Cookies d&#8217;afiliats<\/b><span style=\"font-weight: 400;\"> (permeten fer un seguiment de les visites procedents d&#8217;altres webs, amb les quals el lloc web estableix un contracte d&#8217;afiliaci\u00f3).<\/span><\/p><p> <\/p><p><b>4. TIPUS DE COOKIES UTILITZADES PER AQUEST LLOC WEB<\/b><\/p><table><tbody><tr><td><p><span style=\"font-weight: 400;\"> Nom<\/span><\/p><\/td><td><p><span style=\"font-weight: 400;\"> Finalitat<\/span><\/p><\/td><td><p><span style=\"font-weight: 400;\"> Caducitat<\/span><\/p><\/td><td><p><span style=\"font-weight: 400;\"> Prove\u00efdor<\/span><\/p><\/td><\/tr><tr><td><p><span style=\"font-weight: 400;\"> <\/span><\/p><\/td><td><p><span style=\"font-weight: 400;\"> <\/span><\/p><\/td><td><p><span style=\"font-weight: 400;\"> <\/span><\/p><\/td><td><p><span style=\"font-weight: 400;\"> <\/span><\/p><\/td><\/tr><tr><td><p><span style=\"font-weight: 400;\"> <\/span><\/p><\/td><td><p><span style=\"font-weight: 400;\"> <\/span><\/p><\/td><td><p><span style=\"font-weight: 400;\"> <\/span><\/p><\/td><td><p><span style=\"font-weight: 400;\"> <\/span><\/p><\/td><\/tr><tr><td><p><span style=\"font-weight: 400;\"> <\/span><\/p><\/td><td><p><span style=\"font-weight: 400;\"> <\/span><\/p><\/td><td><p><span style=\"font-weight: 400;\"> <\/span><\/p><\/td><td><p><span style=\"font-weight: 400;\"> <\/span><\/p><\/td><\/tr><tr><td><p><span style=\"font-weight: 400;\"> <\/span><\/p><\/td><td><p><span style=\"font-weight: 400;\"> <\/span><\/p><\/td><td><p><span style=\"font-weight: 400;\"> <\/span><\/p><\/td><td><p><span style=\"font-weight: 400;\"> <\/span><\/p><\/td><\/tr><\/tbody><\/table><p><span style=\"font-weight: 400;\">Mentre navega pel nostre web, es poden emmagatzemar al seu navegador les cookies de les nostres xarxes socials. A continuaci\u00f3, li indiquem els enlla\u00e7os sobre les cookies de les xarxes socials que utilitzem en aquest web: <\/span><\/p><ul><li> <span style=\"font-weight: 400;\"> Cookies de Facebook, vegeu m\u00e9s informaci\u00f3 a la seva <\/span><a href=\"https:\/\/es-es.facebook.com\/policies\/cookies\/\"><span style=\"font-weight: 400;\">pol\u00edtica de cookies<\/span><\/a><\/li><li> <span style=\"font-weight: 400;\"> Cookies de Twitter, vegeu m\u00e9s informaci\u00f3 a la seva <\/span><a href=\"https:\/\/help.twitter.com\/es\/rules-and-policies\/twitter-cookies\"><span style=\"font-weight: 400;\">pol\u00edtica de cookies<\/span><\/a><\/li><li> <span style=\"font-weight: 400;\"> Cookies d&#8217;Instagram, vegeu m\u00e9s informaci\u00f3 a la seva <\/span><a href=\"https:\/\/es-es.facebook.com\/policies\/cookies\/\"><span style=\"font-weight: 400;\">pol\u00edtica de cookies<\/span><\/a><\/li><li> <span style=\"font-weight: 400;\"> Cookies de Google+, vegeu m\u00e9s informaci\u00f3 a la seva <\/span><a href=\"https:\/\/policies.google.com\/technologies\/cookies?hl=es\"><span style=\"font-weight: 400;\">pol\u00edtica de cookies<\/span><\/a><\/li><li> <span style=\"font-weight: 400;\"> Cookies de LinkedIn, vegeu m\u00e9s informaci\u00f3 a la seva <\/span><a href=\"https:\/\/www.linkedin.com\/legal\/cookie-policy?_l=es_ES\"><span style=\"font-weight: 400;\">pol\u00edtica de cookies<\/span><\/a><\/li><li> <span style=\"font-weight: 400;\"> Cookies de YouTube, vegeu m\u00e9s informaci\u00f3 a la seva <\/span><a href=\"https:\/\/es-es.facebook.com\/policies\/cookies\/\"><span style=\"font-weight: 400;\">pol\u00edtica de cookies<\/span><\/a><\/li><\/ul><p> <\/p><p><b>5. REVOCACI\u00d3<\/b><\/p><p><span style=\"font-weight: 400;\">En tot moment podr\u00e0 accedir a la configuraci\u00f3 del seu navegador acceptant o rebutjant totes les cookies, o b\u00e9 seleccionar aquelles la instal\u00b7laci\u00f3 de les quals admet i quines no, seguint un dels procediments seg\u00fcents, que dep\u00e8n del navegador que utilitzi:<\/span><\/p><p><b>Google Chrome<\/b><span style=\"font-weight: 400;\"> (al men\u00fa Eines):<\/span><\/p><p><span style=\"font-weight: 400;\">Configuraci\u00f3 &gt; Mostra opcions avan\u00e7ades &gt; Privadesa (Configuraci\u00f3 de contingut) &gt; Cookies: https:\/\/support.google.com\/chrome\/answer\/95647?co=GENIE.Platform%3DDesktopandhl=es<\/span><\/p><p><b>Microsoft Internet Explorer<\/b><span style=\"font-weight: 400;\"> (al men\u00fa Eines):<\/span><\/p><p><span style=\"font-weight: 400;\">Opcions d&#8217;Internet &gt; Privadesa &gt; Avan\u00e7ada: https:\/\/support.microsoft.com\/es-es\/help\/17442\/windows-internet-explorer-delete-manage-cookies<\/span><\/p><p><b>Firefox:<\/b><\/p><p><span style=\"font-weight: 400;\">Opcions &gt; Privadesa &gt; Cookies: https:\/\/support.mozilla.org\/es\/kb\/habilitar-y-deshabilitar-cookies-sitios-web-rastrear-preferencias<\/span><\/p><p><b>Safari, iPad i iPhone:<\/b><\/p><p><span style=\"font-weight: 400;\">Prefer\u00e8ncies &gt; Privadesa: https:\/\/support.apple.com\/kb\/ph21411?locale=es_ES<\/span><\/p><p><b>Opera:<\/b><\/p><p><span style=\"font-weight: 400;\">Configuraci\u00f3 &gt; Opcions &gt; Avan\u00e7at &gt; Cookies: http:\/\/help.opera.com\/Windows\/12.00\/es-ES\/cookies.html<\/span><\/p><p><span style=\"font-weight: 400;\">Aquests navegadors estan sotmesos a actualitzacions o modificacions, per la qual cosa no podem garantir que s&#8217;ajustin completament a la versi\u00f3 del seu navegador. Tamb\u00e9 pot ser que utilitzi un altre navegador no contemplat en aquests enlla\u00e7os com Konqueror, Arora, Flock, etc. Per evitar aquests desajustos, pot accedir directament des de les opcions del seu navegador, generalment al men\u00fa d'&#8221;Opcions&#8221; a la secci\u00f3 de &#8220;Privadesa&#8221;. (Si us plau, consulteu l&#8217;ajuda del seu navegador per a m\u00e9s informaci\u00f3).   <\/span><\/p><p><strong>6. DESACTIVACI\u00d3\/ACTIVACI\u00d3<\/strong><b> I ELIMINACI\u00d3 DE COOKIES<\/b><\/p><p><span style=\"font-weight: 400;\">Per restringir o bloquejar les cookies, es fa a trav\u00e9s de la configuraci\u00f3 del navegador.<\/span><\/p><p><span style=\"font-weight: 400;\">Si no desitja que els llocs web posin cap cookie al seu equip, pot adaptar la configuraci\u00f3 del navegador de manera que se li notifiqui abans que es col\u00b7loqui cap cookie. De la mateixa manera, pot adaptar la configuraci\u00f3 de manera que el navegador rebutgi totes les cookies, o \u00fanicament les cookies de tercers. Tamb\u00e9 pot eliminar qualsevol de les cookies que ja es trobin a l&#8217;equip. Tingui en compte que haur\u00e0 d&#8217;adaptar per separat la configuraci\u00f3 de cada navegador i equip que utilitzi.   <\/span><\/p><p><span style=\"font-weight: 400;\">Tingui en compte que si no desitja rebre cookies, ja no podrem garantir que el nostre lloc web funcioni degudament. Pot ser que algunes funcions del lloc es perdin i \u00e9s possible que ja no pugui veure certs llocs web. A m\u00e9s, rebutjar les cookies no significa que ja no hagi de veure anuncis publicitaris. Simplement els anuncis no s&#8217;ajustaran als seus interessos i es repetiran amb m\u00e9s freq\u00fc\u00e8ncia.   <\/span><\/p><p><span style=\"font-weight: 400;\">Cada navegador t\u00e9 un m\u00e8tode diferent per adaptar la configuraci\u00f3. Si fos necessari, consulteu la funci\u00f3 d&#8217;ajuda del navegador per establir la configuraci\u00f3 correcta. <\/span><\/p><p><span style=\"font-weight: 400;\">Per desactivar les cookies al tel\u00e8fon m\u00f2bil, consulteu el manual del dispositiu per obtenir m\u00e9s informaci\u00f3.<\/span><\/p><p><span style=\"font-weight: 400;\">Podeu obtenir m\u00e9s informaci\u00f3 sobre les cookies a Internet, http:\/\/www.aboutcookies.org\/.<\/span><\/p><p><span style=\"font-weight: 400;\">Tenint en compte la forma en qu\u00e8 funciona Internet i els llocs web, no sempre comptem amb informaci\u00f3 de les cookies que col\u00b7loquen terceres parts a trav\u00e9s del nostre lloc web. Aix\u00f2 s&#8217;aplica especialment a casos en qu\u00e8 la nostra p\u00e0gina web cont\u00e9 el que es denominen elements integrats: textos, documents, imatges o breus pel\u00b7l\u00edcules que s&#8217;emmagatzemen en una altra part, per\u00f2 es mostren al nostre lloc web o a trav\u00e9s d&#8217;aquest. <\/span><\/p><p><span style=\"font-weight: 400;\">Per conseg\u00fcent, en cas que es trobi amb aquest tipus de cookies en aquest lloc web i no estiguin enumerades a la llista anterior, li demanem que ens ho comuniqui. O b\u00e9 posi&#8217;s en contacte directament amb el tercer per demanar-li informaci\u00f3 sobre les cookies que col\u00b7loca, la finalitat i la durada de la cookie, i com ha garantit la seva privadesa. <\/span><\/p><p> <\/p><p><b>7. INFORMACI\u00d3 RELACIONADA AMB EL TRACTAMENT DE DADES PERSONALS (ART.13 RGPD) <\/b><\/p><p><b>7.1. Qui \u00e9s el responsable del tractament de les seves dades personals?<\/b><\/p><p><b>Ferralla i Metalls Vilamalla S.L.<\/b><span style=\"font-weight: 400;\"> \u00e9s el responsable del tractament de les dades personals que vost\u00e8 ens proporciona, situat a C\/ Olot 33, 17469 Vilamalla (Girona) i amb CIF B55080626 &#8211; Tel\u00e8fon 972525210 i mail de contacte info@femevi.com. <\/span> <\/p><p><span style=\"font-weight: 400;\">Si no desitja que els llocs web posin cap cookie al seu equip, pot adaptar la configuraci\u00f3 del navegador de manera que se li notifiqui abans que es col\u00b7loqui cap cookie. De la mateixa manera, pot adaptar la configuraci\u00f3 de manera que el navegador rebutgi totes les cookies, o \u00fanicament les cookies de tercers. Tamb\u00e9 pot eliminar qualsevol de les cookies que ja es trobin a l&#8217;equip. Tingui en compte que haur\u00e0 d&#8217;adaptar per separat la configuraci\u00f3 de cada navegador i equip que utilitzi.   <\/span><\/p><p><b>7.2. Per a qu\u00e8 utilitzem les seves dades personals?<\/b><\/p><p><span style=\"font-weight: 400;\">La informaci\u00f3 recopilada a trav\u00e9s de les cookies pr\u00f2pies (cookies de sessi\u00f3 i d&#8217;entrada d&#8217;usuari) se solen utilitzar per rastrejar les accions de l&#8217;usuari en emplenar els formularis en l\u00ednia en diverses p\u00e0gines, o com a cistella de la compra per fer el seguiment dels articles que l&#8217;usuari ha seleccionat en pr\u00e9mer un bot\u00f3, o per personalitzar la interf\u00edcie de l&#8217;usuari en visitar la p\u00e0gina web.<\/span><\/p><p><span style=\"font-weight: 400;\">La informaci\u00f3 recopilada a trav\u00e9s de les cookies de tercers \u00e9s la seg\u00fcent:<\/span><\/p><p><span style=\"font-weight: 400;\">&#8211;<\/span> <span style=\"font-weight: 400;\">A trav\u00e9s de les cookies anal\u00edtiques s&#8217;analitzen els seus h\u00e0bits de navegaci\u00f3 per millorar els serveis prestats; <\/span> <\/p><p><span style=\"font-weight: 400;\">&#8211;<\/span> <span style=\"font-weight: 400;\">A trav\u00e9s de les cookies comportamentals es recull informaci\u00f3 sobre les prefer\u00e8ncies de l&#8217;usuari per gestionar els espais publicitaris de la forma m\u00e9s efica\u00e7 possible; i <\/span> <\/p><p><span style=\"font-weight: 400;\">&#8211;<\/span> <span style=\"font-weight: 400;\">a trav\u00e9s de les cookies publicit\u00e0ries es mesura el rendiment dels anuncis i es proporcionen recomanacions relatives a productes basades en dades estad\u00edstiques.<\/span><\/p><p><span style=\"font-weight: 400;\">Per veure exactament l&#8217;\u00fas de les cookies vegeu el quadre sobre l&#8217;\u00fas de les cookies en aquest web.<\/span><\/p><p><b>7.3. Quina \u00e9s la base legal per al tractament de les seves dades personals?<\/b><\/p><p><span style=\"font-weight: 400;\">La legitimaci\u00f3 per al tractament de les seves dades personals ve donada pel seu consentiment, atorgat en el moment de posar-se en contacte amb nosaltres, per a la utilitzaci\u00f3 de cookies anal\u00edtiques, comportamentals i publicit\u00e0ries; per a les cookies de sessi\u00f3 o personalitzaci\u00f3, la legitimaci\u00f3 per al tractament ve donada per l&#8217;inter\u00e8s leg\u00edtim del prestador (responsable del tractament).<\/span><\/p><p><b>7.4. A qui comuniquem les seves dades?<\/b><\/p><p><span style=\"font-weight: 400;\">No se cediran ni comunicaran dades a tercers, tret d&#8217;obligaci\u00f3 legal o als tercers indicats en el cas d&#8217;\u00fas de cookies gestionades per aquests. <\/span><\/p><p><b>7.5. Quin \u00e9s el termini de conservaci\u00f3 de les seves dades?<\/b><\/p><p><span style=\"font-weight: 400;\">El termini de conservaci\u00f3 de les dades recollides \u00e9s l&#8217;indicat al quadre sobre l&#8217;\u00fas de les cookies en aquest web.<\/span><\/p><p><b>7.7. Quins s\u00f3n els seus drets?<\/b><\/p><p><span style=\"font-weight: 400;\">Els drets que emparen l&#8217;usuari s\u00f3n els d&#8217;acc\u00e9s, rectificaci\u00f3, supressi\u00f3, portabilitat dels mateixos, retirada del consentiment (sense que aix\u00f2 afecti la licitud del tractament atorgat pr\u00e8viament a la seva retirada), oposici\u00f3 al tractament, limitaci\u00f3 (en determinades circumst\u00e0ncies) i a presentar una reclamaci\u00f3 davant l&#8217;autoritat de control (l&#8217;Ag\u00e8ncia Espanyola de protecci\u00f3 de dades, <\/span><a href=\"http:\/\/www.aepd.es\"><span style=\"font-weight: 400;\">www.aepd.es<\/span><\/a><span style=\"font-weight: 400;\">).<\/span><\/p>\t\t\t\t\t\t\t\t<\/div>\n\t\t\t\t<\/div>\n\t\t\t\t<\/div>\n\t\t\t\t<\/div>\n\t\t","protected":false},"excerpt":{"rendered":"<p>Pol\u00edtica de cookies 1. INTRODUCCI\u00d3 La web de Ferralla i Metalls Vilamalla S.L. utilitza cookies pr\u00f2pies i de tercers. Una cookie \u00e9s un fitxer que es descarrega al vostre ordinador en accedir a determinades p\u00e0gines web, entre altres finalitats, assegurar el correcte funcionament de la p\u00e0gina, permetre a l&#8217;usuari un acc\u00e9s m\u00e9s r\u00e0pid als serveis [&hellip;]<\/p>\n","protected":false},"author":2,"featured_media":0,"parent":0,"menu_order":0,"comment_status":"closed","ping_status":"closed","template":"","meta":{"footnotes":""},"class_list":["post-2376","page","type-page","status-publish","hentry"],"yoast_head":"<!-- This site is optimized with the Yoast SEO plugin v27.0 - https:\/\/yoast.com\/product\/yoast-seo-wordpress\/ -->\n<title>Pol\u00edtica de cookies - Femevi<\/title>\n<meta name=\"robots\" content=\"index, follow, max-snippet:-1, max-image-preview:large, max-video-preview:-1\" \/>\n<link rel=\"canonical\" href=\"https:\/\/femevi.es\/ca\/politica-de-cookies\/\" \/>\n<meta property=\"og:locale\" content=\"en_US\" \/>\n<meta property=\"og:type\" content=\"article\" \/>\n<meta property=\"og:title\" content=\"Pol\u00edtica de cookies - Femevi\" \/>\n<meta property=\"og:description\" content=\"Pol\u00edtica de cookies 1. INTRODUCCI\u00d3 La web de Ferralla i Metalls Vilamalla S.L. utilitza cookies pr\u00f2pies i de tercers. Una cookie \u00e9s un fitxer que es descarrega al vostre ordinador en accedir a determinades p\u00e0gines web, entre altres finalitats, assegurar el correcte funcionament de la p\u00e0gina, permetre a l&#8217;usuari un acc\u00e9s m\u00e9s r\u00e0pid als serveis [&hellip;]\" \/>\n<meta property=\"og:url\" content=\"https:\/\/femevi.es\/ca\/politica-de-cookies\/\" \/>\n<meta property=\"og:site_name\" content=\"Femevi\" \/>\n<meta property=\"article:modified_time\" content=\"2025-12-24T10:00:25+00:00\" \/>\n<meta name=\"twitter:card\" content=\"summary_large_image\" \/>\n<meta name=\"twitter:label1\" content=\"Est. reading time\" \/>\n\t<meta name=\"twitter:data1\" content=\"9 minutes\" \/>\n<script type=\"application\/ld+json\" class=\"yoast-schema-graph\">{\"@context\":\"https:\/\/schema.org\",\"@graph\":[{\"@type\":\"WebPage\",\"@id\":\"https:\/\/femevi.es\/ca\/politica-de-cookies\/\",\"url\":\"https:\/\/femevi.es\/ca\/politica-de-cookies\/\",\"name\":\"Pol\u00edtica de cookies - Femevi\",\"isPartOf\":{\"@id\":\"https:\/\/femevi.es\/ca\/#website\"},\"datePublished\":\"2025-09-23T14:25:07+00:00\",\"dateModified\":\"2025-12-24T10:00:25+00:00\",\"breadcrumb\":{\"@id\":\"https:\/\/femevi.es\/ca\/politica-de-cookies\/#breadcrumb\"},\"inLanguage\":\"CAT\",\"potentialAction\":[{\"@type\":\"ReadAction\",\"target\":[\"https:\/\/femevi.es\/ca\/politica-de-cookies\/\"]}]},{\"@type\":\"BreadcrumbList\",\"@id\":\"https:\/\/femevi.es\/ca\/politica-de-cookies\/#breadcrumb\",\"itemListElement\":[{\"@type\":\"ListItem\",\"position\":1,\"name\":\"Portada\",\"item\":\"https:\/\/femevi.es\/ca\/\"},{\"@type\":\"ListItem\",\"position\":2,\"name\":\"Pol\u00edtica de cookies\"}]},{\"@type\":\"WebSite\",\"@id\":\"https:\/\/femevi.es\/ca\/#website\",\"url\":\"https:\/\/femevi.es\/ca\/\",\"name\":\"Femevi\",\"description\":\"Expertos en la gesti\u00f3n integral de residuos\",\"potentialAction\":[{\"@type\":\"SearchAction\",\"target\":{\"@type\":\"EntryPoint\",\"urlTemplate\":\"https:\/\/femevi.es\/ca\/?s={search_term_string}\"},\"query-input\":{\"@type\":\"PropertyValueSpecification\",\"valueRequired\":true,\"valueName\":\"search_term_string\"}}],\"inLanguage\":\"CAT\"}]}<\/script>\n<!-- \/ Yoast SEO plugin. -->","yoast_head_json":{"title":"Pol\u00edtica de cookies - Femevi","robots":{"index":"index","follow":"follow","max-snippet":"max-snippet:-1","max-image-preview":"max-image-preview:large","max-video-preview":"max-video-preview:-1"},"canonical":"https:\/\/femevi.es\/ca\/politica-de-cookies\/","og_locale":"en_US","og_type":"article","og_title":"Pol\u00edtica de cookies - Femevi","og_description":"Pol\u00edtica de cookies 1. INTRODUCCI\u00d3 La web de Ferralla i Metalls Vilamalla S.L. utilitza cookies pr\u00f2pies i de tercers. Una cookie \u00e9s un fitxer que es descarrega al vostre ordinador en accedir a determinades p\u00e0gines web, entre altres finalitats, assegurar el correcte funcionament de la p\u00e0gina, permetre a l&#8217;usuari un acc\u00e9s m\u00e9s r\u00e0pid als serveis [&hellip;]","og_url":"https:\/\/femevi.es\/ca\/politica-de-cookies\/","og_site_name":"Femevi","article_modified_time":"2025-12-24T10:00:25+00:00","twitter_card":"summary_large_image","twitter_misc":{"Est. reading time":"9 minutes"},"schema":{"@context":"https:\/\/schema.org","@graph":[{"@type":"WebPage","@id":"https:\/\/femevi.es\/ca\/politica-de-cookies\/","url":"https:\/\/femevi.es\/ca\/politica-de-cookies\/","name":"Pol\u00edtica de cookies - Femevi","isPartOf":{"@id":"https:\/\/femevi.es\/ca\/#website"},"datePublished":"2025-09-23T14:25:07+00:00","dateModified":"2025-12-24T10:00:25+00:00","breadcrumb":{"@id":"https:\/\/femevi.es\/ca\/politica-de-cookies\/#breadcrumb"},"inLanguage":"CAT","potentialAction":[{"@type":"ReadAction","target":["https:\/\/femevi.es\/ca\/politica-de-cookies\/"]}]},{"@type":"BreadcrumbList","@id":"https:\/\/femevi.es\/ca\/politica-de-cookies\/#breadcrumb","itemListElement":[{"@type":"ListItem","position":1,"name":"Portada","item":"https:\/\/femevi.es\/ca\/"},{"@type":"ListItem","position":2,"name":"Pol\u00edtica de cookies"}]},{"@type":"WebSite","@id":"https:\/\/femevi.es\/ca\/#website","url":"https:\/\/femevi.es\/ca\/","name":"Femevi","description":"Expertos en la gesti\u00f3n integral de residuos","potentialAction":[{"@type":"SearchAction","target":{"@type":"EntryPoint","urlTemplate":"https:\/\/femevi.es\/ca\/?s={search_term_string}"},"query-input":{"@type":"PropertyValueSpecification","valueRequired":true,"valueName":"search_term_string"}}],"inLanguage":"CAT"}]}},"_links":{"self":[{"href":"https:\/\/femevi.es\/ca\/wp-json\/wp\/v2\/pages\/2376","targetHints":{"allow":["GET"]}}],"collection":[{"href":"https:\/\/femevi.es\/ca\/wp-json\/wp\/v2\/pages"}],"about":[{"href":"https:\/\/femevi.es\/ca\/wp-json\/wp\/v2\/types\/page"}],"author":[{"embeddable":true,"href":"https:\/\/femevi.es\/ca\/wp-json\/wp\/v2\/users\/2"}],"replies":[{"embeddable":true,"href":"https:\/\/femevi.es\/ca\/wp-json\/wp\/v2\/comments?post=2376"}],"version-history":[{"count":1,"href":"https:\/\/femevi.es\/ca\/wp-json\/wp\/v2\/pages\/2376\/revisions"}],"predecessor-version":[{"id":2377,"href":"https:\/\/femevi.es\/ca\/wp-json\/wp\/v2\/pages\/2376\/revisions\/2377"}],"wp:attachment":[{"href":"https:\/\/femevi.es\/ca\/wp-json\/wp\/v2\/media?parent=2376"}],"curies":[{"name":"wp","href":"https:\/\/api.w.org\/{rel}","templated":true}]}}