{"id":2436,"date":"2025-05-14T19:48:51","date_gmt":"2025-05-14T17:48:51","guid":{"rendered":"https:\/\/femevi.es\/biogas\/"},"modified":"2025-12-24T11:01:39","modified_gmt":"2025-12-24T10:01:39","slug":"biogas","status":"publish","type":"page","link":"https:\/\/femevi.es\/ca\/biogas\/","title":{"rendered":"Biog\u00e0s"},"content":{"rendered":"\t\t<div data-elementor-type=\"wp-page\" data-elementor-id=\"2436\" class=\"elementor elementor-2436 elementor-555\" data-elementor-post-type=\"page\">\n\t\t\t\t<div class=\"elementor-element elementor-element-2aaf4ed e-flex e-con-boxed e-con e-parent\" data-id=\"2aaf4ed\" data-element_type=\"container\" data-e-type=\"container\">\n\t\t\t\t\t<div class=\"e-con-inner\">\n\t\t\t\t<div class=\"elementor-element elementor-element-f0d452e elementor-widget elementor-widget-image\" data-id=\"f0d452e\" data-element_type=\"widget\" data-e-type=\"widget\" data-widget_type=\"image.default\">\n\t\t\t\t<div class=\"elementor-widget-container\">\n\t\t\t\t\t\t\t\t\t\t\t\t\t\t\t<img decoding=\"async\" src=\"https:\/\/femevi.es\/wp-content\/uploads\/elementor\/thumbs\/julia-koblitz-JJkwsqNv4d0-unsplash-r8dahiez74mgy2de7z2pq0gov96fjv94883x40m38s.png\" title=\"julia-koblitz-JJkwsqNv4d0-unsplash\" alt=\"julia-koblitz-JJkwsqNv4d0-unsplash\" loading=\"lazy\" \/>\t\t\t\t\t\t\t\t\t\t\t\t\t\t\t<\/div>\n\t\t\t\t<\/div>\n\t\t\t\t\t<\/div>\n\t\t\t\t<\/div>\n\t\t<div class=\"elementor-element elementor-element-b87b737 e-flex e-con-boxed e-con e-parent\" data-id=\"b87b737\" data-element_type=\"container\" data-e-type=\"container\">\n\t\t\t\t\t<div class=\"e-con-inner\">\n\t\t<div class=\"elementor-element elementor-element-cfbe606 e-con-full e-flex e-con e-child\" data-id=\"cfbe606\" data-element_type=\"container\" data-e-type=\"container\">\n\t\t\t\t<div class=\"elementor-element elementor-element-417e0df elementor-widget-divider--view-line elementor-widget elementor-widget-divider\" data-id=\"417e0df\" data-element_type=\"widget\" data-e-type=\"widget\" data-widget_type=\"divider.default\">\n\t\t\t\t<div class=\"elementor-widget-container\">\n\t\t\t\t\t\t\t<div class=\"elementor-divider\">\n\t\t\t<span class=\"elementor-divider-separator\">\n\t\t\t\t\t\t<\/span>\n\t\t<\/div>\n\t\t\t\t\t\t<\/div>\n\t\t\t\t<\/div>\n\t\t\t\t<div class=\"elementor-element elementor-element-99ed1d8 elementor-widget elementor-widget-heading\" data-id=\"99ed1d8\" data-element_type=\"widget\" data-e-type=\"widget\" data-widget_type=\"heading.default\">\n\t\t\t\t<div class=\"elementor-widget-container\">\n\t\t\t\t\t<h2 class=\"elementor-heading-title elementor-size-default\">Potenciador de Biog\u00e0s<\/h2>\t\t\t\t<\/div>\n\t\t\t\t<\/div>\n\t\t\t\t<div class=\"elementor-element elementor-element-ee702b2 elementor-widget elementor-widget-heading\" data-id=\"ee702b2\" data-element_type=\"widget\" data-e-type=\"widget\" data-widget_type=\"heading.default\">\n\t\t\t\t<div class=\"elementor-widget-container\">\n\t\t\t\t\t<h2 class=\"elementor-heading-title elementor-size-default\">Maximitza l'Efici\u00e8ncia Energ\u00e8tica<\/h2>\t\t\t\t<\/div>\n\t\t\t\t<\/div>\n\t\t\t\t<div class=\"elementor-element elementor-element-ad49dbf elementor-widget elementor-widget-text-editor\" data-id=\"ad49dbf\" data-element_type=\"widget\" data-e-type=\"widget\" data-widget_type=\"text-editor.default\">\n\t\t\t\t<div class=\"elementor-widget-container\">\n\t\t\t\t\t\t\t\t\t<p>A la nostra planta de tractament, transformem residus aquosos en un subproducte que actua com un potent potenciador de biog\u00e0s, assolint nivells d&#8217;efici\u00e8ncia que superen els purins convencionals.<\/p>\t\t\t\t\t\t\t\t<\/div>\n\t\t\t\t<\/div>\n\t\t\t\t<div class=\"elementor-element elementor-element-15e97f2 elementor-widget elementor-widget-text-editor\" data-id=\"15e97f2\" data-element_type=\"widget\" data-e-type=\"widget\" data-widget_type=\"text-editor.default\">\n\t\t\t\t<div class=\"elementor-widget-container\">\n\t\t\t\t\t\t\t\t\t<p>Aquest subproducte ofereix una capacitat extraordin\u00e0ria per incrementar la producci\u00f3 de biog\u00e0s, convertint residus en energia neta i renovable.<\/p>\t\t\t\t\t\t\t\t<\/div>\n\t\t\t\t<\/div>\n\t\t\t\t<div class=\"elementor-element elementor-element-bf1d8b6 elementor-widget elementor-widget-heading\" data-id=\"bf1d8b6\" data-element_type=\"widget\" data-e-type=\"widget\" data-widget_type=\"heading.default\">\n\t\t\t\t<div class=\"elementor-widget-container\">\n\t\t\t\t\t<h2 class=\"elementor-heading-title elementor-size-default\">Avantatges del Potenciador de Biog\u00e0s<\/h2>\t\t\t\t<\/div>\n\t\t\t\t<\/div>\n\t\t\t\t<div class=\"elementor-element elementor-element-9c5f1c4 elementor-widget elementor-widget-text-editor\" data-id=\"9c5f1c4\" data-element_type=\"widget\" data-e-type=\"widget\" data-widget_type=\"text-editor.default\">\n\t\t\t\t<div class=\"elementor-widget-container\">\n\t\t\t\t\t\t\t\t\t<p>El nostre potenciador de biog\u00e0s destaca pel seu alt rendiment en la generaci\u00f3 d&#8217;energia renovable. Gr\u00e0cies a les seves propietats, \u00e9s capa\u00e7 de produir fins a 400 m\u00b3 de biog\u00e0s per tona, un resultat molt superior al que es pot obtenir utilitzant purins o altres residus org\u00e0nics. <\/p><p>A difer\u00e8ncia dels purins tradicionals, que ofereixen un rendiment limitat en la producci\u00f3 de biog\u00e0s, el nostre potenciador ha demostrat ser una opci\u00f3 significativament m\u00e9s eficient. Aix\u00f2 significa que amb el mateix volum de residu, \u00e9s possible generar molt m\u00e9s biog\u00e0s, optimitzant l&#8217;\u00fas de recursos i reduint la necessitat de grans quantitats de residus. <\/p>\t\t\t\t\t\t\t\t<\/div>\n\t\t\t\t<\/div>\n\t\t\t\t<\/div>\n\t\t<div class=\"elementor-element elementor-element-16fa4ac e-con-full e-flex e-con e-child\" data-id=\"16fa4ac\" data-element_type=\"container\" data-e-type=\"container\">\n\t\t\t\t<div class=\"elementor-element elementor-element-3e63a99 elementor-widget elementor-widget-image\" data-id=\"3e63a99\" data-element_type=\"widget\" data-e-type=\"widget\" data-widget_type=\"image.default\">\n\t\t\t\t<div class=\"elementor-widget-container\">\n\t\t\t\t\t\t\t\t\t\t\t\t\t\t\t<img fetchpriority=\"high\" decoding=\"async\" width=\"439\" height=\"444\" src=\"https:\/\/femevi.es\/wp-content\/uploads\/2025\/07\/subproducto-biogas-femevi.png\" class=\"attachment-large size-large wp-image-2441\" alt=\"\" srcset=\"https:\/\/femevi.es\/wp-content\/uploads\/2025\/07\/subproducto-biogas-femevi.png 439w, https:\/\/femevi.es\/wp-content\/uploads\/2025\/07\/subproducto-biogas-femevi-297x300.png 297w\" sizes=\"(max-width: 439px) 100vw, 439px\" \/>\t\t\t\t\t\t\t\t\t\t\t\t\t\t\t<\/div>\n\t\t\t\t<\/div>\n\t\t\t\t<\/div>\n\t\t\t\t\t<\/div>\n\t\t\t\t<\/div>\n\t\t<div class=\"elementor-element elementor-element-f9c0bd3 e-con-full e-flex e-con e-parent\" data-id=\"f9c0bd3\" data-element_type=\"container\" data-e-type=\"container\" data-settings=\"{&quot;background_background&quot;:&quot;classic&quot;}\">\n\t\t\t\t<div class=\"elementor-element elementor-element-84f86c1 elementor-widget elementor-widget-heading\" data-id=\"84f86c1\" data-element_type=\"widget\" data-e-type=\"widget\" data-widget_type=\"heading.default\">\n\t\t\t\t<div class=\"elementor-widget-container\">\n\t\t\t\t\t<h2 class=\"elementor-heading-title elementor-size-default\">Beneficis Clau<\/h2>\t\t\t\t<\/div>\n\t\t\t\t<\/div>\n\t\t<div class=\"elementor-element elementor-element-760cd6e e-grid e-con-boxed e-con e-child\" data-id=\"760cd6e\" data-element_type=\"container\" data-e-type=\"container\">\n\t\t\t\t\t<div class=\"e-con-inner\">\n\t\t\t\t<div class=\"elementor-element elementor-element-6c987bf elementor-widget elementor-widget-image\" data-id=\"6c987bf\" data-element_type=\"widget\" data-e-type=\"widget\" data-widget_type=\"image.default\">\n\t\t\t\t<div class=\"elementor-widget-container\">\n\t\t\t\t\t\t\t\t\t\t\t\t\t\t\t<img decoding=\"async\" width=\"466\" height=\"382\" src=\"https:\/\/femevi.es\/wp-content\/uploads\/2025\/08\/icon-aumento-de-la-produccion-biogas.png\" class=\"attachment-large size-large wp-image-2444\" alt=\"\" srcset=\"https:\/\/femevi.es\/wp-content\/uploads\/2025\/08\/icon-aumento-de-la-produccion-biogas.png 466w, https:\/\/femevi.es\/wp-content\/uploads\/2025\/08\/icon-aumento-de-la-produccion-biogas-300x246.png 300w\" sizes=\"(max-width: 466px) 100vw, 466px\" \/>\t\t\t\t\t\t\t\t\t\t\t\t\t\t\t<\/div>\n\t\t\t\t<\/div>\n\t\t\t\t<div class=\"elementor-element elementor-element-e4e753f elementor-widget elementor-widget-image\" data-id=\"e4e753f\" data-element_type=\"widget\" data-e-type=\"widget\" data-widget_type=\"image.default\">\n\t\t\t\t<div class=\"elementor-widget-container\">\n\t\t\t\t\t\t\t\t\t\t\t\t\t\t\t<img decoding=\"async\" width=\"466\" height=\"382\" src=\"https:\/\/femevi.es\/wp-content\/uploads\/2025\/08\/icon-mejor-calidad-biogas.png\" class=\"attachment-large size-large wp-image-2445\" alt=\"\" srcset=\"https:\/\/femevi.es\/wp-content\/uploads\/2025\/08\/icon-mejor-calidad-biogas.png 466w, https:\/\/femevi.es\/wp-content\/uploads\/2025\/08\/icon-mejor-calidad-biogas-300x246.png 300w\" sizes=\"(max-width: 466px) 100vw, 466px\" \/>\t\t\t\t\t\t\t\t\t\t\t\t\t\t\t<\/div>\n\t\t\t\t<\/div>\n\t\t\t\t<div class=\"elementor-element elementor-element-251981b elementor-widget elementor-widget-image\" data-id=\"251981b\" data-element_type=\"widget\" data-e-type=\"widget\" data-widget_type=\"image.default\">\n\t\t\t\t<div class=\"elementor-widget-container\">\n\t\t\t\t\t\t\t\t\t\t\t\t\t\t\t<img loading=\"lazy\" decoding=\"async\" width=\"466\" height=\"382\" src=\"https:\/\/femevi.es\/wp-content\/uploads\/2025\/08\/icon-reduccion-del-volumen-de-residuos-biogas.png\" class=\"attachment-large size-large wp-image-2446\" alt=\"\" srcset=\"https:\/\/femevi.es\/wp-content\/uploads\/2025\/08\/icon-reduccion-del-volumen-de-residuos-biogas.png 466w, https:\/\/femevi.es\/wp-content\/uploads\/2025\/08\/icon-reduccion-del-volumen-de-residuos-biogas-300x246.png 300w\" sizes=\"(max-width: 466px) 100vw, 466px\" \/>\t\t\t\t\t\t\t\t\t\t\t\t\t\t\t<\/div>\n\t\t\t\t<\/div>\n\t\t\t\t<div class=\"elementor-element elementor-element-bf24bdf elementor-widget elementor-widget-image\" data-id=\"bf24bdf\" data-element_type=\"widget\" data-e-type=\"widget\" data-widget_type=\"image.default\">\n\t\t\t\t<div class=\"elementor-widget-container\">\n\t\t\t\t\t\t\t\t\t\t\t\t\t\t\t<img loading=\"lazy\" decoding=\"async\" width=\"466\" height=\"382\" src=\"https:\/\/femevi.es\/wp-content\/uploads\/2025\/08\/icon-sostenibilidad-biogas.png\" class=\"attachment-large size-large wp-image-2443\" alt=\"\" srcset=\"https:\/\/femevi.es\/wp-content\/uploads\/2025\/08\/icon-sostenibilidad-biogas.png 466w, https:\/\/femevi.es\/wp-content\/uploads\/2025\/08\/icon-sostenibilidad-biogas-300x246.png 300w\" sizes=\"(max-width: 466px) 100vw, 466px\" \/>\t\t\t\t\t\t\t\t\t\t\t\t\t\t\t<\/div>\n\t\t\t\t<\/div>\n\t\t\t\t\t<\/div>\n\t\t\t\t<\/div>\n\t\t\t\t<\/div>\n\t\t<div class=\"elementor-element elementor-element-930f736 e-flex e-con-boxed e-con e-parent\" data-id=\"930f736\" data-element_type=\"container\" data-e-type=\"container\">\n\t\t\t\t\t<div class=\"e-con-inner\">\n\t\t\t\t<div class=\"elementor-element elementor-element-b956486 elementor-widget elementor-widget-text-editor\" data-id=\"b956486\" data-element_type=\"widget\" data-e-type=\"widget\" data-widget_type=\"text-editor.default\">\n\t\t\t\t<div class=\"elementor-widget-container\">\n\t\t\t\t\t\t\t\t\t<p>A Femevi transformem residus en energia neta <img loading=\"lazy\" decoding=\"async\" class=\"wp-image-1107 alignnone\" src=\"https:\/\/femevi.es\/wp-content\/uploads\/2025\/08\/icon-energia-limpia.png\" alt=\"\" width=\"30\" height=\"37\"> i<\/p><p>reutilitzem recursos <img loading=\"lazy\" decoding=\"async\" class=\"alignnone wp-image-1108\" src=\"https:\/\/femevi.es\/wp-content\/uploads\/2025\/08\/icon-economia-circular.png\" alt=\"\" width=\"30\" height=\"30\">, impulsant l&#8217;economia circular<\/p>\t\t\t\t\t\t\t\t<\/div>\n\t\t\t\t<\/div>\n\t\t\t\t\t<\/div>\n\t\t\t\t<\/div>\n\t\t\t\t<\/div>\n\t\t","protected":false},"excerpt":{"rendered":"<p>Potenciador de Biog\u00e0s Maximitza l&#8217;Efici\u00e8ncia Energ\u00e8tica A la nostra planta de tractament, transformem residus aquosos en un subproducte que actua com un potent potenciador de biog\u00e0s, assolint nivells d&#8217;efici\u00e8ncia que superen els purins convencionals. Aquest subproducte ofereix una capacitat extraordin\u00e0ria per incrementar la producci\u00f3 de biog\u00e0s, convertint residus en energia neta i renovable. Avantatges del [&hellip;]<\/p>\n","protected":false},"author":1,"featured_media":0,"parent":0,"menu_order":0,"comment_status":"closed","ping_status":"closed","template":"elementor_header_footer","meta":{"footnotes":""},"class_list":["post-2436","page","type-page","status-publish","hentry"],"yoast_head":"<!-- This site is optimized with the Yoast SEO plugin v27.0 - https:\/\/yoast.com\/product\/yoast-seo-wordpress\/ -->\n<title>Biog\u00e0s - Femevi<\/title>\n<meta name=\"robots\" content=\"index, follow, max-snippet:-1, max-image-preview:large, max-video-preview:-1\" \/>\n<link rel=\"canonical\" href=\"https:\/\/femevi.es\/ca\/biogas\/\" \/>\n<meta property=\"og:locale\" content=\"en_US\" \/>\n<meta property=\"og:type\" content=\"article\" \/>\n<meta property=\"og:title\" content=\"Biog\u00e0s - Femevi\" \/>\n<meta property=\"og:description\" content=\"Potenciador de Biog\u00e0s Maximitza l&#8217;Efici\u00e8ncia Energ\u00e8tica A la nostra planta de tractament, transformem residus aquosos en un subproducte que actua com un potent potenciador de biog\u00e0s, assolint nivells d&#8217;efici\u00e8ncia que superen els purins convencionals. Aquest subproducte ofereix una capacitat extraordin\u00e0ria per incrementar la producci\u00f3 de biog\u00e0s, convertint residus en energia neta i renovable. Avantatges del [&hellip;]\" \/>\n<meta property=\"og:url\" content=\"https:\/\/femevi.es\/ca\/biogas\/\" \/>\n<meta property=\"og:site_name\" content=\"Femevi\" \/>\n<meta property=\"article:modified_time\" content=\"2025-12-24T10:01:39+00:00\" \/>\n<meta property=\"og:image\" content=\"https:\/\/femevi.es\/wp-content\/uploads\/elementor\/thumbs\/julia-koblitz-JJkwsqNv4d0-unsplash-r8dahiez74mgy2de7z2pq0gov96fjv94883x40m38s.png\" \/>\n<meta name=\"twitter:card\" content=\"summary_large_image\" \/>\n<meta name=\"twitter:label1\" content=\"Est. reading time\" \/>\n\t<meta name=\"twitter:data1\" content=\"1 minute\" \/>\n<script type=\"application\/ld+json\" class=\"yoast-schema-graph\">{\"@context\":\"https:\/\/schema.org\",\"@graph\":[{\"@type\":\"WebPage\",\"@id\":\"https:\/\/femevi.es\/ca\/biogas\/\",\"url\":\"https:\/\/femevi.es\/ca\/biogas\/\",\"name\":\"Biog\u00e0s - Femevi\",\"isPartOf\":{\"@id\":\"https:\/\/femevi.es\/ca\/#website\"},\"primaryImageOfPage\":{\"@id\":\"https:\/\/femevi.es\/ca\/biogas\/#primaryimage\"},\"image\":{\"@id\":\"https:\/\/femevi.es\/ca\/biogas\/#primaryimage\"},\"thumbnailUrl\":\"https:\/\/femevi.es\/wp-content\/uploads\/elementor\/thumbs\/julia-koblitz-JJkwsqNv4d0-unsplash-r8dahiez74mgy2de7z2pq0gov96fjv94883x40m38s.png\",\"datePublished\":\"2025-05-14T17:48:51+00:00\",\"dateModified\":\"2025-12-24T10:01:39+00:00\",\"breadcrumb\":{\"@id\":\"https:\/\/femevi.es\/ca\/biogas\/#breadcrumb\"},\"inLanguage\":\"CAT\",\"potentialAction\":[{\"@type\":\"ReadAction\",\"target\":[\"https:\/\/femevi.es\/ca\/biogas\/\"]}]},{\"@type\":\"ImageObject\",\"inLanguage\":\"CAT\",\"@id\":\"https:\/\/femevi.es\/ca\/biogas\/#primaryimage\",\"url\":\"https:\/\/femevi.es\/wp-content\/uploads\/elementor\/thumbs\/julia-koblitz-JJkwsqNv4d0-unsplash-r8dahiez74mgy2de7z2pq0gov96fjv94883x40m38s.png\",\"contentUrl\":\"https:\/\/femevi.es\/wp-content\/uploads\/elementor\/thumbs\/julia-koblitz-JJkwsqNv4d0-unsplash-r8dahiez74mgy2de7z2pq0gov96fjv94883x40m38s.png\"},{\"@type\":\"BreadcrumbList\",\"@id\":\"https:\/\/femevi.es\/ca\/biogas\/#breadcrumb\",\"itemListElement\":[{\"@type\":\"ListItem\",\"position\":1,\"name\":\"Portada\",\"item\":\"https:\/\/femevi.es\/ca\/\"},{\"@type\":\"ListItem\",\"position\":2,\"name\":\"Biog\u00e0s\"}]},{\"@type\":\"WebSite\",\"@id\":\"https:\/\/femevi.es\/ca\/#website\",\"url\":\"https:\/\/femevi.es\/ca\/\",\"name\":\"Femevi\",\"description\":\"Expertos en la gesti\u00f3n integral de residuos\",\"potentialAction\":[{\"@type\":\"SearchAction\",\"target\":{\"@type\":\"EntryPoint\",\"urlTemplate\":\"https:\/\/femevi.es\/ca\/?s={search_term_string}\"},\"query-input\":{\"@type\":\"PropertyValueSpecification\",\"valueRequired\":true,\"valueName\":\"search_term_string\"}}],\"inLanguage\":\"CAT\"}]}<\/script>\n<!-- \/ Yoast SEO plugin. -->","yoast_head_json":{"title":"Biog\u00e0s - Femevi","robots":{"index":"index","follow":"follow","max-snippet":"max-snippet:-1","max-image-preview":"max-image-preview:large","max-video-preview":"max-video-preview:-1"},"canonical":"https:\/\/femevi.es\/ca\/biogas\/","og_locale":"en_US","og_type":"article","og_title":"Biog\u00e0s - Femevi","og_description":"Potenciador de Biog\u00e0s Maximitza l&#8217;Efici\u00e8ncia Energ\u00e8tica A la nostra planta de tractament, transformem residus aquosos en un subproducte que actua com un potent potenciador de biog\u00e0s, assolint nivells d&#8217;efici\u00e8ncia que superen els purins convencionals. Aquest subproducte ofereix una capacitat extraordin\u00e0ria per incrementar la producci\u00f3 de biog\u00e0s, convertint residus en energia neta i renovable. Avantatges del [&hellip;]","og_url":"https:\/\/femevi.es\/ca\/biogas\/","og_site_name":"Femevi","article_modified_time":"2025-12-24T10:01:39+00:00","og_image":[{"url":"https:\/\/femevi.es\/wp-content\/uploads\/elementor\/thumbs\/julia-koblitz-JJkwsqNv4d0-unsplash-r8dahiez74mgy2de7z2pq0gov96fjv94883x40m38s.png","type":"","width":"","height":""}],"twitter_card":"summary_large_image","twitter_misc":{"Est. reading time":"1 minute"},"schema":{"@context":"https:\/\/schema.org","@graph":[{"@type":"WebPage","@id":"https:\/\/femevi.es\/ca\/biogas\/","url":"https:\/\/femevi.es\/ca\/biogas\/","name":"Biog\u00e0s - Femevi","isPartOf":{"@id":"https:\/\/femevi.es\/ca\/#website"},"primaryImageOfPage":{"@id":"https:\/\/femevi.es\/ca\/biogas\/#primaryimage"},"image":{"@id":"https:\/\/femevi.es\/ca\/biogas\/#primaryimage"},"thumbnailUrl":"https:\/\/femevi.es\/wp-content\/uploads\/elementor\/thumbs\/julia-koblitz-JJkwsqNv4d0-unsplash-r8dahiez74mgy2de7z2pq0gov96fjv94883x40m38s.png","datePublished":"2025-05-14T17:48:51+00:00","dateModified":"2025-12-24T10:01:39+00:00","breadcrumb":{"@id":"https:\/\/femevi.es\/ca\/biogas\/#breadcrumb"},"inLanguage":"CAT","potentialAction":[{"@type":"ReadAction","target":["https:\/\/femevi.es\/ca\/biogas\/"]}]},{"@type":"ImageObject","inLanguage":"CAT","@id":"https:\/\/femevi.es\/ca\/biogas\/#primaryimage","url":"https:\/\/femevi.es\/wp-content\/uploads\/elementor\/thumbs\/julia-koblitz-JJkwsqNv4d0-unsplash-r8dahiez74mgy2de7z2pq0gov96fjv94883x40m38s.png","contentUrl":"https:\/\/femevi.es\/wp-content\/uploads\/elementor\/thumbs\/julia-koblitz-JJkwsqNv4d0-unsplash-r8dahiez74mgy2de7z2pq0gov96fjv94883x40m38s.png"},{"@type":"BreadcrumbList","@id":"https:\/\/femevi.es\/ca\/biogas\/#breadcrumb","itemListElement":[{"@type":"ListItem","position":1,"name":"Portada","item":"https:\/\/femevi.es\/ca\/"},{"@type":"ListItem","position":2,"name":"Biog\u00e0s"}]},{"@type":"WebSite","@id":"https:\/\/femevi.es\/ca\/#website","url":"https:\/\/femevi.es\/ca\/","name":"Femevi","description":"Expertos en la gesti\u00f3n integral de residuos","potentialAction":[{"@type":"SearchAction","target":{"@type":"EntryPoint","urlTemplate":"https:\/\/femevi.es\/ca\/?s={search_term_string}"},"query-input":{"@type":"PropertyValueSpecification","valueRequired":true,"valueName":"search_term_string"}}],"inLanguage":"CAT"}]}},"_links":{"self":[{"href":"https:\/\/femevi.es\/ca\/wp-json\/wp\/v2\/pages\/2436","targetHints":{"allow":["GET"]}}],"collection":[{"href":"https:\/\/femevi.es\/ca\/wp-json\/wp\/v2\/pages"}],"about":[{"href":"https:\/\/femevi.es\/ca\/wp-json\/wp\/v2\/types\/page"}],"author":[{"embeddable":true,"href":"https:\/\/femevi.es\/ca\/wp-json\/wp\/v2\/users\/1"}],"replies":[{"embeddable":true,"href":"https:\/\/femevi.es\/ca\/wp-json\/wp\/v2\/comments?post=2436"}],"version-history":[{"count":1,"href":"https:\/\/femevi.es\/ca\/wp-json\/wp\/v2\/pages\/2436\/revisions"}],"predecessor-version":[{"id":2448,"href":"https:\/\/femevi.es\/ca\/wp-json\/wp\/v2\/pages\/2436\/revisions\/2448"}],"wp:attachment":[{"href":"https:\/\/femevi.es\/ca\/wp-json\/wp\/v2\/media?parent=2436"}],"curies":[{"name":"wp","href":"https:\/\/api.w.org\/{rel}","templated":true}]}}