{"id":2478,"date":"2025-05-14T19:50:51","date_gmt":"2025-05-14T17:50:51","guid":{"rendered":"https:\/\/femevi.es\/gestio-de-residus-perillosos\/"},"modified":"2025-12-24T11:01:39","modified_gmt":"2025-12-24T10:01:39","slug":"gestio-de-residus-perillosos","status":"publish","type":"page","link":"https:\/\/femevi.es\/ca\/gestio-de-residus-perillosos\/","title":{"rendered":"Gesti\u00f3 de residus perillosos"},"content":{"rendered":"\t\t<div data-elementor-type=\"wp-page\" data-elementor-id=\"2478\" class=\"elementor elementor-2478 elementor-564\" data-elementor-post-type=\"page\">\n\t\t\t\t<div class=\"elementor-element elementor-element-2aaf4ed e-flex e-con-boxed e-con e-parent\" data-id=\"2aaf4ed\" data-element_type=\"container\" data-e-type=\"container\">\n\t\t\t\t\t<div class=\"e-con-inner\">\n\t\t\t\t<div class=\"elementor-element elementor-element-f0d452e elementor-widget elementor-widget-image\" data-id=\"f0d452e\" data-element_type=\"widget\" data-e-type=\"widget\" data-widget_type=\"image.default\">\n\t\t\t\t<div class=\"elementor-widget-container\">\n\t\t\t\t\t\t\t\t\t\t\t\t\t\t\t<img decoding=\"async\" src=\"https:\/\/femevi.es\/wp-content\/uploads\/elementor\/thumbs\/portada-residuos-peligrosos-r8d5whv0427gij8yfx4lejpucbx201l00h5jx8m4z0.png\" title=\"portada-residuos-peligrosos\" alt=\"portada-residuos-peligrosos\" loading=\"lazy\" \/>\t\t\t\t\t\t\t\t\t\t\t\t\t\t\t<\/div>\n\t\t\t\t<\/div>\n\t\t\t\t\t<\/div>\n\t\t\t\t<\/div>\n\t\t<div class=\"elementor-element elementor-element-b87b737 e-flex e-con-boxed e-con e-parent\" data-id=\"b87b737\" data-element_type=\"container\" data-e-type=\"container\">\n\t\t\t\t\t<div class=\"e-con-inner\">\n\t\t<div class=\"elementor-element elementor-element-cfbe606 e-con-full e-flex e-con e-child\" data-id=\"cfbe606\" data-element_type=\"container\" data-e-type=\"container\">\n\t\t\t\t<div class=\"elementor-element elementor-element-417e0df elementor-widget-divider--view-line elementor-widget elementor-widget-divider\" data-id=\"417e0df\" data-element_type=\"widget\" data-e-type=\"widget\" data-widget_type=\"divider.default\">\n\t\t\t\t<div class=\"elementor-widget-container\">\n\t\t\t\t\t\t\t<div class=\"elementor-divider\">\n\t\t\t<span class=\"elementor-divider-separator\">\n\t\t\t\t\t\t<\/span>\n\t\t<\/div>\n\t\t\t\t\t\t<\/div>\n\t\t\t\t<\/div>\n\t\t\t\t<div class=\"elementor-element elementor-element-99ed1d8 elementor-widget elementor-widget-heading\" data-id=\"99ed1d8\" data-element_type=\"widget\" data-e-type=\"widget\" data-widget_type=\"heading.default\">\n\t\t\t\t<div class=\"elementor-widget-container\">\n\t\t\t\t\t<h2 class=\"elementor-heading-title elementor-size-default\">Gesti\u00f3 de Residus Perillosos<\/h2>\t\t\t\t<\/div>\n\t\t\t\t<\/div>\n\t\t\t\t<div class=\"elementor-element elementor-element-ad49dbf elementor-widget elementor-widget-text-editor\" data-id=\"ad49dbf\" data-element_type=\"widget\" data-e-type=\"widget\" data-widget_type=\"text-editor.default\">\n\t\t\t\t<div class=\"elementor-widget-container\">\n\t\t\t\t\t\t\t\t\t<p>A Femevi, realitzem la gesti\u00f3 de tot tipus de residus perillosos, garantint un tractament responsable i en compliment amb la legislaci\u00f3 ambiental vigent.<\/p>\t\t\t\t\t\t\t\t<\/div>\n\t\t\t\t<\/div>\n\t\t\t\t<div class=\"elementor-element elementor-element-15e97f2 elementor-widget elementor-widget-text-editor\" data-id=\"15e97f2\" data-element_type=\"widget\" data-e-type=\"widget\" data-widget_type=\"text-editor.default\">\n\t\t\t\t<div class=\"elementor-widget-container\">\n\t\t\t\t\t\t\t\t\t<p>Oferim un servei integral que abasta des de la recollida, el transport i l&#8217;emmagatzematge, fins al tractament final de residus aquosos perillosos, protegint el medi ambient i assegurant la seguretat en cada pas.<\/p>\t\t\t\t\t\t\t\t<\/div>\n\t\t\t\t<\/div>\n\t\t\t\t<div class=\"elementor-element elementor-element-bf1d8b6 elementor-widget elementor-widget-heading\" data-id=\"bf1d8b6\" data-element_type=\"widget\" data-e-type=\"widget\" data-widget_type=\"heading.default\">\n\t\t\t\t<div class=\"elementor-widget-container\">\n\t\t\t\t\t<h2 class=\"elementor-heading-title elementor-size-default\">Experts en Gesti\u00f3 de Residus Perillosos Aquosos i Tractament de Pintures<\/h2>\t\t\t\t<\/div>\n\t\t\t\t<\/div>\n\t\t\t\t<div class=\"elementor-element elementor-element-9c5f1c4 elementor-widget elementor-widget-text-editor\" data-id=\"9c5f1c4\" data-element_type=\"widget\" data-e-type=\"widget\" data-widget_type=\"text-editor.default\">\n\t\t\t\t<div class=\"elementor-widget-container\">\n\t\t\t\t\t\t\t\t\t<p>Som gestors finals autoritzats per al tractament de residus perillosos aquosos, amb la nostra planta de tractament de centrifugaci\u00f3 i evaporaci\u00f3. Aix\u00f2 significa que tractem i recuperem residus l\u00edquids perillosos que, si no es gestionessin correctament, podrien causar greus danys al medi ambient i a la salut p\u00fablica. <\/p>\t\t\t\t\t\t\t\t<\/div>\n\t\t\t\t<\/div>\n\t\t\t\t<div class=\"elementor-element elementor-element-3131891 elementor-widget elementor-widget-heading\" data-id=\"3131891\" data-element_type=\"widget\" data-e-type=\"widget\" data-widget_type=\"heading.default\">\n\t\t\t\t<div class=\"elementor-widget-container\">\n\t\t\t\t\t<h2 class=\"elementor-heading-title elementor-size-default\">Especialitzaci\u00f3 en el Tractament de Pintures<\/h2>\t\t\t\t<\/div>\n\t\t\t\t<\/div>\n\t\t\t\t<div class=\"elementor-element elementor-element-029b93d elementor-widget elementor-widget-text-editor\" data-id=\"029b93d\" data-element_type=\"widget\" data-e-type=\"widget\" data-widget_type=\"text-editor.default\">\n\t\t\t\t<div class=\"elementor-widget-container\">\n\t\t\t\t\t\t\t\t\t<p>El tractament de residus de pintures requereix un proc\u00e9s t\u00e8cnic i rigor\u00f3s. A Femevi, utilitzem sistemes que permeten separar els components perillosos de les pintures i altres recobriments, assegurant-ne la correcta disposici\u00f3 o recuperaci\u00f3. <\/p>\t\t\t\t\t\t\t\t<\/div>\n\t\t\t\t<\/div>\n\t\t\t\t<\/div>\n\t\t<div class=\"elementor-element elementor-element-16fa4ac e-con-full e-flex e-con e-child\" data-id=\"16fa4ac\" data-element_type=\"container\" data-e-type=\"container\">\n\t\t\t\t<\/div>\n\t\t\t\t\t<\/div>\n\t\t\t\t<\/div>\n\t\t<div class=\"elementor-element elementor-element-f9c0bd3 e-flex e-con-boxed e-con e-parent\" data-id=\"f9c0bd3\" data-element_type=\"container\" data-e-type=\"container\" data-settings=\"{&quot;background_background&quot;:&quot;classic&quot;}\">\n\t\t\t\t\t<div class=\"e-con-inner\">\n\t\t\t\t<div class=\"elementor-element elementor-element-84f86c1 elementor-widget elementor-widget-heading\" data-id=\"84f86c1\" data-element_type=\"widget\" data-e-type=\"widget\" data-widget_type=\"heading.default\">\n\t\t\t\t<div class=\"elementor-widget-container\">\n\t\t\t\t\t<h2 class=\"elementor-heading-title elementor-size-default\">Tipus de pintures<\/h2>\t\t\t\t<\/div>\n\t\t\t\t<\/div>\n\t\t<div class=\"elementor-element elementor-element-4354d36 e-grid e-con-boxed e-con e-child\" data-id=\"4354d36\" data-element_type=\"container\" data-e-type=\"container\">\n\t\t\t\t\t<div class=\"e-con-inner\">\n\t\t\t\t<div class=\"elementor-element elementor-element-f6e34cc elementor-widget elementor-widget-image\" data-id=\"f6e34cc\" data-element_type=\"widget\" data-e-type=\"widget\" data-widget_type=\"image.default\">\n\t\t\t\t<div class=\"elementor-widget-container\">\n\t\t\t\t\t\t\t\t\t\t\t\t\t\t\t<img fetchpriority=\"high\" decoding=\"async\" width=\"466\" height=\"382\" src=\"https:\/\/femevi.es\/wp-content\/uploads\/2025\/09\/icon-residuos-de-pintura-sobrante.png\" class=\"attachment-large size-large wp-image-2488\" alt=\"\" srcset=\"https:\/\/femevi.es\/wp-content\/uploads\/2025\/09\/icon-residuos-de-pintura-sobrante.png 466w, https:\/\/femevi.es\/wp-content\/uploads\/2025\/09\/icon-residuos-de-pintura-sobrante-300x246.png 300w\" sizes=\"(max-width: 466px) 100vw, 466px\" \/>\t\t\t\t\t\t\t\t\t\t\t\t\t\t\t<\/div>\n\t\t\t\t<\/div>\n\t\t\t\t<div class=\"elementor-element elementor-element-1d76a14 elementor-widget elementor-widget-image\" data-id=\"1d76a14\" data-element_type=\"widget\" data-e-type=\"widget\" data-widget_type=\"image.default\">\n\t\t\t\t<div class=\"elementor-widget-container\">\n\t\t\t\t\t\t\t\t\t\t\t\t\t\t\t<img decoding=\"async\" width=\"466\" height=\"382\" src=\"https:\/\/femevi.es\/wp-content\/uploads\/2025\/09\/icon-disolventes-usados.png\" class=\"attachment-large size-large wp-image-2485\" alt=\"\" srcset=\"https:\/\/femevi.es\/wp-content\/uploads\/2025\/09\/icon-disolventes-usados.png 466w, https:\/\/femevi.es\/wp-content\/uploads\/2025\/09\/icon-disolventes-usados-300x246.png 300w\" sizes=\"(max-width: 466px) 100vw, 466px\" \/>\t\t\t\t\t\t\t\t\t\t\t\t\t\t\t<\/div>\n\t\t\t\t<\/div>\n\t\t\t\t<div class=\"elementor-element elementor-element-6b3639f elementor-widget elementor-widget-image\" data-id=\"6b3639f\" data-element_type=\"widget\" data-e-type=\"widget\" data-widget_type=\"image.default\">\n\t\t\t\t<div class=\"elementor-widget-container\">\n\t\t\t\t\t\t\t\t\t\t\t\t\t\t\t<img decoding=\"async\" width=\"466\" height=\"382\" src=\"https:\/\/femevi.es\/wp-content\/uploads\/2025\/09\/icon-envases-contaminados-de-pinturas.png\" class=\"attachment-large size-large wp-image-2486\" alt=\"\" srcset=\"https:\/\/femevi.es\/wp-content\/uploads\/2025\/09\/icon-envases-contaminados-de-pinturas.png 466w, https:\/\/femevi.es\/wp-content\/uploads\/2025\/09\/icon-envases-contaminados-de-pinturas-300x246.png 300w\" sizes=\"(max-width: 466px) 100vw, 466px\" \/>\t\t\t\t\t\t\t\t\t\t\t\t\t\t\t<\/div>\n\t\t\t\t<\/div>\n\t\t\t\t<div class=\"elementor-element elementor-element-cc4ad14 elementor-widget elementor-widget-image\" data-id=\"cc4ad14\" data-element_type=\"widget\" data-e-type=\"widget\" data-widget_type=\"image.default\">\n\t\t\t\t<div class=\"elementor-widget-container\">\n\t\t\t\t\t\t\t\t\t\t\t\t\t\t\t<img loading=\"lazy\" decoding=\"async\" width=\"466\" height=\"382\" src=\"https:\/\/femevi.es\/wp-content\/uploads\/2025\/09\/icon-restos-de-procesos-de-pintado.png\" class=\"attachment-large size-large wp-image-2489\" alt=\"\" srcset=\"https:\/\/femevi.es\/wp-content\/uploads\/2025\/09\/icon-restos-de-procesos-de-pintado.png 466w, https:\/\/femevi.es\/wp-content\/uploads\/2025\/09\/icon-restos-de-procesos-de-pintado-300x246.png 300w\" sizes=\"(max-width: 466px) 100vw, 466px\" \/>\t\t\t\t\t\t\t\t\t\t\t\t\t\t\t<\/div>\n\t\t\t\t<\/div>\n\t\t\t\t\t<\/div>\n\t\t\t\t<\/div>\n\t\t\t\t\t<\/div>\n\t\t\t\t<\/div>\n\t\t<div class=\"elementor-element elementor-element-a0d2945 e-flex e-con-boxed e-con e-parent\" data-id=\"a0d2945\" data-element_type=\"container\" data-e-type=\"container\">\n\t\t\t\t\t<div class=\"e-con-inner\">\n\t\t<div class=\"elementor-element elementor-element-3398099 e-con-full e-flex e-con e-child\" data-id=\"3398099\" data-element_type=\"container\" data-e-type=\"container\">\n\t\t\t\t<div class=\"elementor-element elementor-element-2203c7c elementor-widget elementor-widget-spacer\" data-id=\"2203c7c\" data-element_type=\"widget\" data-e-type=\"widget\" data-widget_type=\"spacer.default\">\n\t\t\t\t<div class=\"elementor-widget-container\">\n\t\t\t\t\t\t\t<div class=\"elementor-spacer\">\n\t\t\t<div class=\"elementor-spacer-inner\"><\/div>\n\t\t<\/div>\n\t\t\t\t\t\t<\/div>\n\t\t\t\t<\/div>\n\t\t\t\t<div class=\"elementor-element elementor-element-76d1f3d elementor-widget elementor-widget-heading\" data-id=\"76d1f3d\" data-element_type=\"widget\" data-e-type=\"widget\" data-widget_type=\"heading.default\">\n\t\t\t\t<div class=\"elementor-widget-container\">\n\t\t\t\t\t<h2 class=\"elementor-heading-title elementor-size-default\">Centre CRT Acreditat per l'ARC<\/h2>\t\t\t\t<\/div>\n\t\t\t\t<\/div>\n\t\t\t\t<div class=\"elementor-element elementor-element-bb55bd7 elementor-widget elementor-widget-text-editor\" data-id=\"bb55bd7\" data-element_type=\"widget\" data-e-type=\"widget\" data-widget_type=\"text-editor.default\">\n\t\t\t\t<div class=\"elementor-widget-container\">\n\t\t\t\t\t\t\t\t\t<p>Som un centre de recuperaci\u00f3 i tractament (CRT) acreditat per l&#8217;Ag\u00e8ncia de Residus de Catalunya (ARC), fet que ens permet gestionar diferents tipus de residus perillosos.<\/p>\t\t\t\t\t\t\t\t<\/div>\n\t\t\t\t<\/div>\n\t\t\t\t<div class=\"elementor-element elementor-element-04def1f elementor-widget elementor-widget-text-editor\" data-id=\"04def1f\" data-element_type=\"widget\" data-e-type=\"widget\" data-widget_type=\"text-editor.default\">\n\t\t\t\t<div class=\"elementor-widget-container\">\n\t\t\t\t\t\t\t\t\t<p><span style=\"color: #000000;\">Aquesta acreditaci\u00f3 certifica la nostra capacitat per a<\/span> <strong><span style=\"color: #ff9900;\">rebre, emmagatzemar, tractar i disposar<\/span> <\/strong><span style=\"color: #000000;\">de residus perillosos de forma responsable. Oferim solucions personalitzades per a empreses que busquen minimitzar el seu impacte ambiental, assegurant una gesti\u00f3 adequada i eficient dels residus industrials perillosos generats per la seva activitat.<\/span><\/p>\t\t\t\t\t\t\t\t<\/div>\n\t\t\t\t<\/div>\n\t\t\t\t<\/div>\n\t\t<div class=\"elementor-element elementor-element-a20eb46 e-con-full e-flex e-con e-child\" data-id=\"a20eb46\" data-element_type=\"container\" data-e-type=\"container\">\n\t\t\t\t<div class=\"elementor-element elementor-element-79ea9a6 elementor-widget elementor-widget-image\" data-id=\"79ea9a6\" data-element_type=\"widget\" data-e-type=\"widget\" data-widget_type=\"image.default\">\n\t\t\t\t<div class=\"elementor-widget-container\">\n\t\t\t\t\t\t\t\t\t\t\t\t\t\t\t<img loading=\"lazy\" decoding=\"async\" width=\"800\" height=\"498\" src=\"https:\/\/femevi.es\/wp-content\/uploads\/2025\/07\/centro-CRT-Femevi.png\" class=\"attachment-large size-large wp-image-2483\" alt=\"\" srcset=\"https:\/\/femevi.es\/wp-content\/uploads\/2025\/07\/centro-CRT-Femevi.png 820w, https:\/\/femevi.es\/wp-content\/uploads\/2025\/07\/centro-CRT-Femevi-300x187.png 300w, https:\/\/femevi.es\/wp-content\/uploads\/2025\/07\/centro-CRT-Femevi-768x478.png 768w\" sizes=\"(max-width: 800px) 100vw, 800px\" \/>\t\t\t\t\t\t\t\t\t\t\t\t\t\t\t<\/div>\n\t\t\t\t<\/div>\n\t\t\t\t<\/div>\n\t\t\t\t\t<\/div>\n\t\t\t\t<\/div>\n\t\t\t\t<\/div>\n\t\t","protected":false},"excerpt":{"rendered":"<p>Gesti\u00f3 de Residus Perillosos A Femevi, realitzem la gesti\u00f3 de tot tipus de residus perillosos, garantint un tractament responsable i en compliment amb la legislaci\u00f3 ambiental vigent. Oferim un servei integral que abasta des de la recollida, el transport i l&#8217;emmagatzematge, fins al tractament final de residus aquosos perillosos, protegint el medi ambient i assegurant [&hellip;]<\/p>\n","protected":false},"author":1,"featured_media":0,"parent":0,"menu_order":0,"comment_status":"closed","ping_status":"closed","template":"elementor_header_footer","meta":{"footnotes":""},"class_list":["post-2478","page","type-page","status-publish","hentry"],"yoast_head":"<!-- This site is optimized with the Yoast SEO plugin v27.0 - https:\/\/yoast.com\/product\/yoast-seo-wordpress\/ -->\n<title>Gesti\u00f3 de residus perillosos - Femevi<\/title>\n<meta name=\"robots\" content=\"index, follow, max-snippet:-1, max-image-preview:large, max-video-preview:-1\" \/>\n<link rel=\"canonical\" href=\"https:\/\/femevi.es\/ca\/gestio-de-residus-perillosos\/\" \/>\n<meta property=\"og:locale\" content=\"en_US\" \/>\n<meta property=\"og:type\" content=\"article\" \/>\n<meta property=\"og:title\" content=\"Gesti\u00f3 de residus perillosos - Femevi\" \/>\n<meta property=\"og:description\" content=\"Gesti\u00f3 de Residus Perillosos A Femevi, realitzem la gesti\u00f3 de tot tipus de residus perillosos, garantint un tractament responsable i en compliment amb la legislaci\u00f3 ambiental vigent. Oferim un servei integral que abasta des de la recollida, el transport i l&#8217;emmagatzematge, fins al tractament final de residus aquosos perillosos, protegint el medi ambient i assegurant [&hellip;]\" \/>\n<meta property=\"og:url\" content=\"https:\/\/femevi.es\/ca\/gestio-de-residus-perillosos\/\" \/>\n<meta property=\"og:site_name\" content=\"Femevi\" \/>\n<meta property=\"article:modified_time\" content=\"2025-12-24T10:01:39+00:00\" \/>\n<meta property=\"og:image\" content=\"https:\/\/femevi.es\/wp-content\/uploads\/elementor\/thumbs\/portada-residuos-peligrosos-r8d5whv0427gij8yfx4lejpucbx201l00h5jx8m4z0.png\" \/>\n<meta name=\"twitter:card\" content=\"summary_large_image\" \/>\n<meta name=\"twitter:label1\" content=\"Est. reading time\" \/>\n\t<meta name=\"twitter:data1\" content=\"1 minute\" \/>\n<script type=\"application\/ld+json\" class=\"yoast-schema-graph\">{\"@context\":\"https:\/\/schema.org\",\"@graph\":[{\"@type\":\"WebPage\",\"@id\":\"https:\/\/femevi.es\/ca\/gestio-de-residus-perillosos\/\",\"url\":\"https:\/\/femevi.es\/ca\/gestio-de-residus-perillosos\/\",\"name\":\"Gesti\u00f3 de residus perillosos - Femevi\",\"isPartOf\":{\"@id\":\"https:\/\/femevi.es\/ca\/#website\"},\"primaryImageOfPage\":{\"@id\":\"https:\/\/femevi.es\/ca\/gestio-de-residus-perillosos\/#primaryimage\"},\"image\":{\"@id\":\"https:\/\/femevi.es\/ca\/gestio-de-residus-perillosos\/#primaryimage\"},\"thumbnailUrl\":\"https:\/\/femevi.es\/wp-content\/uploads\/elementor\/thumbs\/portada-residuos-peligrosos-r8d5whv0427gij8yfx4lejpucbx201l00h5jx8m4z0.png\",\"datePublished\":\"2025-05-14T17:50:51+00:00\",\"dateModified\":\"2025-12-24T10:01:39+00:00\",\"breadcrumb\":{\"@id\":\"https:\/\/femevi.es\/ca\/gestio-de-residus-perillosos\/#breadcrumb\"},\"inLanguage\":\"CAT\",\"potentialAction\":[{\"@type\":\"ReadAction\",\"target\":[\"https:\/\/femevi.es\/ca\/gestio-de-residus-perillosos\/\"]}]},{\"@type\":\"ImageObject\",\"inLanguage\":\"CAT\",\"@id\":\"https:\/\/femevi.es\/ca\/gestio-de-residus-perillosos\/#primaryimage\",\"url\":\"https:\/\/femevi.es\/wp-content\/uploads\/elementor\/thumbs\/portada-residuos-peligrosos-r8d5whv0427gij8yfx4lejpucbx201l00h5jx8m4z0.png\",\"contentUrl\":\"https:\/\/femevi.es\/wp-content\/uploads\/elementor\/thumbs\/portada-residuos-peligrosos-r8d5whv0427gij8yfx4lejpucbx201l00h5jx8m4z0.png\"},{\"@type\":\"BreadcrumbList\",\"@id\":\"https:\/\/femevi.es\/ca\/gestio-de-residus-perillosos\/#breadcrumb\",\"itemListElement\":[{\"@type\":\"ListItem\",\"position\":1,\"name\":\"Portada\",\"item\":\"https:\/\/femevi.es\/ca\/\"},{\"@type\":\"ListItem\",\"position\":2,\"name\":\"Gesti\u00f3 de residus perillosos\"}]},{\"@type\":\"WebSite\",\"@id\":\"https:\/\/femevi.es\/ca\/#website\",\"url\":\"https:\/\/femevi.es\/ca\/\",\"name\":\"Femevi\",\"description\":\"Expertos en la gesti\u00f3n integral de residuos\",\"potentialAction\":[{\"@type\":\"SearchAction\",\"target\":{\"@type\":\"EntryPoint\",\"urlTemplate\":\"https:\/\/femevi.es\/ca\/?s={search_term_string}\"},\"query-input\":{\"@type\":\"PropertyValueSpecification\",\"valueRequired\":true,\"valueName\":\"search_term_string\"}}],\"inLanguage\":\"CAT\"}]}<\/script>\n<!-- \/ Yoast SEO plugin. -->","yoast_head_json":{"title":"Gesti\u00f3 de residus perillosos - Femevi","robots":{"index":"index","follow":"follow","max-snippet":"max-snippet:-1","max-image-preview":"max-image-preview:large","max-video-preview":"max-video-preview:-1"},"canonical":"https:\/\/femevi.es\/ca\/gestio-de-residus-perillosos\/","og_locale":"en_US","og_type":"article","og_title":"Gesti\u00f3 de residus perillosos - Femevi","og_description":"Gesti\u00f3 de Residus Perillosos A Femevi, realitzem la gesti\u00f3 de tot tipus de residus perillosos, garantint un tractament responsable i en compliment amb la legislaci\u00f3 ambiental vigent. Oferim un servei integral que abasta des de la recollida, el transport i l&#8217;emmagatzematge, fins al tractament final de residus aquosos perillosos, protegint el medi ambient i assegurant [&hellip;]","og_url":"https:\/\/femevi.es\/ca\/gestio-de-residus-perillosos\/","og_site_name":"Femevi","article_modified_time":"2025-12-24T10:01:39+00:00","og_image":[{"url":"https:\/\/femevi.es\/wp-content\/uploads\/elementor\/thumbs\/portada-residuos-peligrosos-r8d5whv0427gij8yfx4lejpucbx201l00h5jx8m4z0.png","type":"","width":"","height":""}],"twitter_card":"summary_large_image","twitter_misc":{"Est. reading time":"1 minute"},"schema":{"@context":"https:\/\/schema.org","@graph":[{"@type":"WebPage","@id":"https:\/\/femevi.es\/ca\/gestio-de-residus-perillosos\/","url":"https:\/\/femevi.es\/ca\/gestio-de-residus-perillosos\/","name":"Gesti\u00f3 de residus perillosos - Femevi","isPartOf":{"@id":"https:\/\/femevi.es\/ca\/#website"},"primaryImageOfPage":{"@id":"https:\/\/femevi.es\/ca\/gestio-de-residus-perillosos\/#primaryimage"},"image":{"@id":"https:\/\/femevi.es\/ca\/gestio-de-residus-perillosos\/#primaryimage"},"thumbnailUrl":"https:\/\/femevi.es\/wp-content\/uploads\/elementor\/thumbs\/portada-residuos-peligrosos-r8d5whv0427gij8yfx4lejpucbx201l00h5jx8m4z0.png","datePublished":"2025-05-14T17:50:51+00:00","dateModified":"2025-12-24T10:01:39+00:00","breadcrumb":{"@id":"https:\/\/femevi.es\/ca\/gestio-de-residus-perillosos\/#breadcrumb"},"inLanguage":"CAT","potentialAction":[{"@type":"ReadAction","target":["https:\/\/femevi.es\/ca\/gestio-de-residus-perillosos\/"]}]},{"@type":"ImageObject","inLanguage":"CAT","@id":"https:\/\/femevi.es\/ca\/gestio-de-residus-perillosos\/#primaryimage","url":"https:\/\/femevi.es\/wp-content\/uploads\/elementor\/thumbs\/portada-residuos-peligrosos-r8d5whv0427gij8yfx4lejpucbx201l00h5jx8m4z0.png","contentUrl":"https:\/\/femevi.es\/wp-content\/uploads\/elementor\/thumbs\/portada-residuos-peligrosos-r8d5whv0427gij8yfx4lejpucbx201l00h5jx8m4z0.png"},{"@type":"BreadcrumbList","@id":"https:\/\/femevi.es\/ca\/gestio-de-residus-perillosos\/#breadcrumb","itemListElement":[{"@type":"ListItem","position":1,"name":"Portada","item":"https:\/\/femevi.es\/ca\/"},{"@type":"ListItem","position":2,"name":"Gesti\u00f3 de residus perillosos"}]},{"@type":"WebSite","@id":"https:\/\/femevi.es\/ca\/#website","url":"https:\/\/femevi.es\/ca\/","name":"Femevi","description":"Expertos en la gesti\u00f3n integral de residuos","potentialAction":[{"@type":"SearchAction","target":{"@type":"EntryPoint","urlTemplate":"https:\/\/femevi.es\/ca\/?s={search_term_string}"},"query-input":{"@type":"PropertyValueSpecification","valueRequired":true,"valueName":"search_term_string"}}],"inLanguage":"CAT"}]}},"_links":{"self":[{"href":"https:\/\/femevi.es\/ca\/wp-json\/wp\/v2\/pages\/2478","targetHints":{"allow":["GET"]}}],"collection":[{"href":"https:\/\/femevi.es\/ca\/wp-json\/wp\/v2\/pages"}],"about":[{"href":"https:\/\/femevi.es\/ca\/wp-json\/wp\/v2\/types\/page"}],"author":[{"embeddable":true,"href":"https:\/\/femevi.es\/ca\/wp-json\/wp\/v2\/users\/1"}],"replies":[{"embeddable":true,"href":"https:\/\/femevi.es\/ca\/wp-json\/wp\/v2\/comments?post=2478"}],"version-history":[{"count":1,"href":"https:\/\/femevi.es\/ca\/wp-json\/wp\/v2\/pages\/2478\/revisions"}],"predecessor-version":[{"id":2500,"href":"https:\/\/femevi.es\/ca\/wp-json\/wp\/v2\/pages\/2478\/revisions\/2500"}],"wp:attachment":[{"href":"https:\/\/femevi.es\/ca\/wp-json\/wp\/v2\/media?parent=2478"}],"curies":[{"name":"wp","href":"https:\/\/api.w.org\/{rel}","templated":true}]}}