{"id":2502,"date":"2025-07-01T12:03:12","date_gmt":"2025-07-01T10:03:12","guid":{"rendered":"https:\/\/femevi.es\/neteja-de-decantadors-separadors\/"},"modified":"2025-12-24T11:01:39","modified_gmt":"2025-12-24T10:01:39","slug":"neteja-de-decantadors-separadors","status":"publish","type":"page","link":"https:\/\/femevi.es\/ca\/neteja-de-decantadors-separadors\/","title":{"rendered":"Neteja de decantadors \/ separadors"},"content":{"rendered":"\t\t<div data-elementor-type=\"wp-page\" data-elementor-id=\"2502\" class=\"elementor elementor-2502 elementor-669\" data-elementor-post-type=\"page\">\n\t\t\t\t<div class=\"elementor-element elementor-element-2aaf4ed e-flex e-con-boxed e-con e-parent\" data-id=\"2aaf4ed\" data-element_type=\"container\" data-e-type=\"container\">\n\t\t\t\t\t<div class=\"e-con-inner\">\n\t\t\t\t<div class=\"elementor-element elementor-element-f0d452e elementor-widget elementor-widget-image\" data-id=\"f0d452e\" data-element_type=\"widget\" data-e-type=\"widget\" data-widget_type=\"image.default\">\n\t\t\t\t<div class=\"elementor-widget-container\">\n\t\t\t\t\t\t\t\t\t\t\t\t\t\t\t<img fetchpriority=\"high\" decoding=\"async\" width=\"1536\" height=\"244\" src=\"https:\/\/femevi.es\/wp-content\/uploads\/2025\/09\/Limpiezas-especializadas-Femevi-1536x244.jpg\" class=\"attachment-1536x1536 size-1536x1536 wp-image-2508\" alt=\"\" srcset=\"https:\/\/femevi.es\/wp-content\/uploads\/2025\/09\/Limpiezas-especializadas-Femevi-1536x244.jpg 1536w, https:\/\/femevi.es\/wp-content\/uploads\/2025\/09\/Limpiezas-especializadas-Femevi-300x48.jpg 300w, https:\/\/femevi.es\/wp-content\/uploads\/2025\/09\/Limpiezas-especializadas-Femevi-1024x163.jpg 1024w, https:\/\/femevi.es\/wp-content\/uploads\/2025\/09\/Limpiezas-especializadas-Femevi-768x122.jpg 768w, https:\/\/femevi.es\/wp-content\/uploads\/2025\/09\/Limpiezas-especializadas-Femevi-2048x325.jpg 2048w\" sizes=\"(max-width: 1536px) 100vw, 1536px\" \/>\t\t\t\t\t\t\t\t\t\t\t\t\t\t\t<\/div>\n\t\t\t\t<\/div>\n\t\t\t\t\t<\/div>\n\t\t\t\t<\/div>\n\t\t<div class=\"elementor-element elementor-element-b87b737 e-flex e-con-boxed e-con e-parent\" data-id=\"b87b737\" data-element_type=\"container\" data-e-type=\"container\">\n\t\t\t\t\t<div class=\"e-con-inner\">\n\t\t<div class=\"elementor-element elementor-element-cfbe606 e-con-full e-flex e-con e-child\" data-id=\"cfbe606\" data-element_type=\"container\" data-e-type=\"container\">\n\t\t\t\t<div class=\"elementor-element elementor-element-417e0df elementor-widget-divider--view-line elementor-widget elementor-widget-divider\" data-id=\"417e0df\" data-element_type=\"widget\" data-e-type=\"widget\" data-widget_type=\"divider.default\">\n\t\t\t\t<div class=\"elementor-widget-container\">\n\t\t\t\t\t\t\t<div class=\"elementor-divider\">\n\t\t\t<span class=\"elementor-divider-separator\">\n\t\t\t\t\t\t<\/span>\n\t\t<\/div>\n\t\t\t\t\t\t<\/div>\n\t\t\t\t<\/div>\n\t\t\t\t<div class=\"elementor-element elementor-element-99ed1d8 elementor-widget elementor-widget-heading\" data-id=\"99ed1d8\" data-element_type=\"widget\" data-e-type=\"widget\" data-widget_type=\"heading.default\">\n\t\t\t\t<div class=\"elementor-widget-container\">\n\t\t\t\t\t<h2 class=\"elementor-heading-title elementor-size-default\">Servei de Neteja de Decantadors i Separadors d'Hidrocarburs<\/h2>\t\t\t\t<\/div>\n\t\t\t\t<\/div>\n\t\t\t\t<div class=\"elementor-element elementor-element-15e97f2 elementor-widget__width-initial elementor-widget elementor-widget-text-editor\" data-id=\"15e97f2\" data-element_type=\"widget\" data-e-type=\"widget\" data-widget_type=\"text-editor.default\">\n\t\t\t\t<div class=\"elementor-widget-container\">\n\t\t\t\t\t\t\t\t\t<p>A Femevi, oferim un servei especialitzat en la neteja de decantadors, separadors d&#8217;hidrocarburs i greixos. Comptem amb una flota de vehicles adaptada a les necessitats espec\u00edfiques de cada client, des de camions lleugers per a accessos dif\u00edcils fins a camions de gran capacitat per a treballs de major envergadura. <\/p>\t\t\t\t\t\t\t\t<\/div>\n\t\t\t\t<\/div>\n\t\t\t\t<div class=\"elementor-element elementor-element-8b4549e elementor-widget elementor-widget-heading\" data-id=\"8b4549e\" data-element_type=\"widget\" data-e-type=\"widget\" data-widget_type=\"heading.default\">\n\t\t\t\t<div class=\"elementor-widget-container\">\n\t\t\t\t\t<h3 class=\"elementor-heading-title elementor-size-default\">Neteja integral de separadors d'hidrocarburs i greixos<\/h3>\t\t\t\t<\/div>\n\t\t\t\t<\/div>\n\t\t\t\t<div class=\"elementor-element elementor-element-8e81bbf elementor-widget elementor-widget-text-editor\" data-id=\"8e81bbf\" data-element_type=\"widget\" data-e-type=\"widget\" data-widget_type=\"text-editor.default\">\n\t\t\t\t<div class=\"elementor-widget-container\">\n\t\t\t\t\t\t\t\t\t<p>Realitzem neteges exhaustives utilitzant tecnologia avan\u00e7ada de succi\u00f3 per extreure aig\u00fces contaminades i residus, netejant a fons el dip\u00f2sit, els conductes, el filtre de coalesc\u00e8ncia i la boia. A m\u00e9s, emprem aigua a alta pressi\u00f3 per garantir una neteja profunda, reempla\u00e7ant l&#8217;aigua contaminada per aigua neta, recuperada dels nostres propis processos de tractament. <\/p>\t\t\t\t\t\t\t\t<\/div>\n\t\t\t\t<\/div>\n\t\t\t\t<\/div>\n\t\t<div class=\"elementor-element elementor-element-16fa4ac e-con-full e-flex e-con e-child\" data-id=\"16fa4ac\" data-element_type=\"container\" data-e-type=\"container\">\n\t\t<div class=\"elementor-element elementor-element-c86dcb6 e-grid e-con-full e-con e-child\" data-id=\"c86dcb6\" data-element_type=\"container\" data-e-type=\"container\">\n\t\t\t\t<div class=\"elementor-element elementor-element-474b260 elementor-widget elementor-widget-image\" data-id=\"474b260\" data-element_type=\"widget\" data-e-type=\"widget\" data-widget_type=\"image.default\">\n\t\t\t\t<div class=\"elementor-widget-container\">\n\t\t\t\t\t\t\t\t\t\t\t\t\t\t\t<img decoding=\"async\" width=\"358\" height=\"141\" src=\"https:\/\/femevi.es\/wp-content\/uploads\/2025\/09\/camiones-de-gran-capacidad.png\" class=\"attachment-large size-large wp-image-2509\" alt=\"\" srcset=\"https:\/\/femevi.es\/wp-content\/uploads\/2025\/09\/camiones-de-gran-capacidad.png 358w, https:\/\/femevi.es\/wp-content\/uploads\/2025\/09\/camiones-de-gran-capacidad-300x118.png 300w\" sizes=\"(max-width: 358px) 100vw, 358px\" \/>\t\t\t\t\t\t\t\t\t\t\t\t\t\t\t<\/div>\n\t\t\t\t<\/div>\n\t\t\t\t<div class=\"elementor-element elementor-element-d8293c6 elementor-widget elementor-widget-image\" data-id=\"d8293c6\" data-element_type=\"widget\" data-e-type=\"widget\" data-widget_type=\"image.default\">\n\t\t\t\t<div class=\"elementor-widget-container\">\n\t\t\t\t\t\t\t\t\t\t\t\t\t\t\t<img decoding=\"async\" width=\"358\" height=\"141\" src=\"https:\/\/femevi.es\/wp-content\/uploads\/2025\/09\/Camiones-ligeros.png\" class=\"attachment-large size-large wp-image-2510\" alt=\"\" srcset=\"https:\/\/femevi.es\/wp-content\/uploads\/2025\/09\/Camiones-ligeros.png 358w, https:\/\/femevi.es\/wp-content\/uploads\/2025\/09\/Camiones-ligeros-300x118.png 300w\" sizes=\"(max-width: 358px) 100vw, 358px\" \/>\t\t\t\t\t\t\t\t\t\t\t\t\t\t\t<\/div>\n\t\t\t\t<\/div>\n\t\t\t\t<\/div>\n\t\t\t\t<\/div>\n\t\t\t\t\t<\/div>\n\t\t\t\t<\/div>\n\t\t<div class=\"elementor-element elementor-element-f9c0bd3 e-flex e-con-boxed e-con e-parent\" data-id=\"f9c0bd3\" data-element_type=\"container\" data-e-type=\"container\" data-settings=\"{&quot;background_background&quot;:&quot;classic&quot;}\">\n\t\t\t\t\t<div class=\"e-con-inner\">\n\t\t\t\t<div class=\"elementor-element elementor-element-d4ac54b elementor-widget elementor-widget-image\" data-id=\"d4ac54b\" data-element_type=\"widget\" data-e-type=\"widget\" data-widget_type=\"image.default\">\n\t\t\t\t<div class=\"elementor-widget-container\">\n\t\t\t\t\t\t\t\t\t\t\t\t\t\t\t<img loading=\"lazy\" decoding=\"async\" width=\"76\" height=\"76\" src=\"https:\/\/femevi.es\/wp-content\/uploads\/2025\/07\/icon-lupa.svg\" class=\"attachment-medium_large size-medium_large wp-image-2504\" alt=\"\" \/>\t\t\t\t\t\t\t\t\t\t\t\t\t\t\t<\/div>\n\t\t\t\t<\/div>\n\t\t\t\t<div class=\"elementor-element elementor-element-84f86c1 elementor-widget elementor-widget-heading\" data-id=\"84f86c1\" data-element_type=\"widget\" data-e-type=\"widget\" data-widget_type=\"heading.default\">\n\t\t\t\t<div class=\"elementor-widget-container\">\n\t\t\t\t\t<h2 class=\"elementor-heading-title elementor-size-default\">Servei integral<\/h2>\t\t\t\t<\/div>\n\t\t\t\t<\/div>\n\t\t\t\t<div class=\"elementor-element elementor-element-b68e059 elementor-widget elementor-widget-text-editor\" data-id=\"b68e059\" data-element_type=\"widget\" data-e-type=\"widget\" data-widget_type=\"text-editor.default\">\n\t\t\t\t<div class=\"elementor-widget-container\">\n\t\t\t\t\t\t\t\t\t<p>Inspeccionem l&#8217;estat i el funcionament de la instal\u00b7laci\u00f3. Si detectem alguna anomalia, us informem immediatament perqu\u00e8 pugueu prendre les mesures necess\u00e0ries, assegurant el correcte rendiment dels vostres sistemes. <\/p>\t\t\t\t\t\t\t\t<\/div>\n\t\t\t\t<\/div>\n\t\t\t\t\t<\/div>\n\t\t\t\t<\/div>\n\t\t<div class=\"elementor-element elementor-element-878431a e-flex e-con-boxed e-con e-parent\" data-id=\"878431a\" data-element_type=\"container\" data-e-type=\"container\">\n\t\t\t\t\t<div class=\"e-con-inner\">\n\t\t\t\t<div class=\"elementor-element elementor-element-ff39c20 elementor-align-left elementor-widget elementor-widget-button\" data-id=\"ff39c20\" data-element_type=\"widget\" data-e-type=\"widget\" data-widget_type=\"button.default\">\n\t\t\t\t<div class=\"elementor-widget-container\">\n\t\t\t\t\t\t\t\t\t<div class=\"elementor-button-wrapper\">\n\t\t\t\t\t<a class=\"elementor-button elementor-button-link elementor-size-sm\" href=\"#\">\n\t\t\t\t\t\t<span class=\"elementor-button-content-wrapper\">\n\t\t\t\t\t\t<span class=\"elementor-button-icon\">\n\t\t\t\t<svg xmlns=\"http:\/\/www.w3.org\/2000\/svg\" width=\"37.388\" height=\"35.824\" viewBox=\"0 0 37.388 35.824\"><g id=\"Grupo_854\" data-name=\"Grupo 854\" transform=\"translate(-14.867 -1003.13) rotate(45)\"><path id=\"Trazado_11\" data-name=\"Trazado 11\" d=\"M0,.032,12.557,12.589,25.147,0\" transform=\"translate(757.675 704.079) rotate(-135)\" fill=\"none\" stroke=\"#0e169a\" stroke-width=\"2.5\"><\/path><line id=\"L&#xED;nea_1\" data-name=\"L&#xED;nea 1\" y1=\"23.781\" x2=\"23.347\" transform=\"translate(733.491 686.918)\" fill=\"none\" stroke=\"#0e169a\" stroke-width=\"2.5\"><\/line><\/g><\/svg>\t\t\t<\/span>\n\t\t\t\t\t\t\t\t\t<span class=\"elementor-button-text\">Neteja, desgasificaci\u00f3 i anul\u00b7laci\u00f3 de tancs realitzats per Femevi<\/span>\n\t\t\t\t\t<\/span>\n\t\t\t\t\t<\/a>\n\t\t\t\t<\/div>\n\t\t\t\t\t\t\t\t<\/div>\n\t\t\t\t<\/div>\n\t\t\t\t\t<\/div>\n\t\t\t\t<\/div>\n\t\t<div class=\"elementor-element elementor-element-457d250 e-flex e-con-boxed e-con e-parent\" data-id=\"457d250\" data-element_type=\"container\" data-e-type=\"container\">\n\t\t\t\t\t<div class=\"e-con-inner\">\n\t\t<div class=\"elementor-element elementor-element-3116b6d e-con-full e-flex e-con e-child\" data-id=\"3116b6d\" data-element_type=\"container\" data-e-type=\"container\" data-settings=\"{&quot;background_background&quot;:&quot;classic&quot;}\">\n\t\t\t\t<\/div>\n\t\t<div class=\"elementor-element elementor-element-aad52f6 e-con-full e-flex e-con e-child\" data-id=\"aad52f6\" data-element_type=\"container\" data-e-type=\"container\" data-settings=\"{&quot;background_background&quot;:&quot;classic&quot;}\">\n\t\t\t\t<\/div>\n\t\t<div class=\"elementor-element elementor-element-c2ddcd6 e-con-full e-flex e-con e-child\" data-id=\"c2ddcd6\" data-element_type=\"container\" data-e-type=\"container\" data-settings=\"{&quot;background_background&quot;:&quot;classic&quot;}\">\n\t\t\t\t<\/div>\n\t\t<div class=\"elementor-element elementor-element-e5f49f2 e-con-full e-flex e-con e-child\" data-id=\"e5f49f2\" data-element_type=\"container\" data-e-type=\"container\" data-settings=\"{&quot;background_background&quot;:&quot;classic&quot;}\">\n\t\t\t\t<\/div>\n\t\t\t\t\t<\/div>\n\t\t\t\t<\/div>\n\t\t\t\t<\/div>\n\t\t","protected":false},"excerpt":{"rendered":"<p>Servei de Neteja de Decantadors i Separadors d&#8217;Hidrocarburs A Femevi, oferim un servei especialitzat en la neteja de decantadors, separadors d&#8217;hidrocarburs i greixos. Comptem amb una flota de vehicles adaptada a les necessitats espec\u00edfiques de cada client, des de camions lleugers per a accessos dif\u00edcils fins a camions de gran capacitat per a treballs de [&hellip;]<\/p>\n","protected":false},"author":1,"featured_media":0,"parent":0,"menu_order":0,"comment_status":"closed","ping_status":"closed","template":"elementor_header_footer","meta":{"footnotes":""},"class_list":["post-2502","page","type-page","status-publish","hentry"],"yoast_head":"<!-- This site is optimized with the Yoast SEO plugin v27.0 - https:\/\/yoast.com\/product\/yoast-seo-wordpress\/ -->\n<title>Neteja de decantadors \/ separadors - Femevi<\/title>\n<meta name=\"robots\" content=\"index, follow, max-snippet:-1, max-image-preview:large, max-video-preview:-1\" \/>\n<link rel=\"canonical\" href=\"https:\/\/femevi.es\/ca\/neteja-de-decantadors-separadors\/\" \/>\n<meta property=\"og:locale\" content=\"en_US\" \/>\n<meta property=\"og:type\" content=\"article\" \/>\n<meta property=\"og:title\" content=\"Neteja de decantadors \/ separadors - Femevi\" \/>\n<meta property=\"og:description\" content=\"Servei de Neteja de Decantadors i Separadors d&#8217;Hidrocarburs A Femevi, oferim un servei especialitzat en la neteja de decantadors, separadors d&#8217;hidrocarburs i greixos. Comptem amb una flota de vehicles adaptada a les necessitats espec\u00edfiques de cada client, des de camions lleugers per a accessos dif\u00edcils fins a camions de gran capacitat per a treballs de [&hellip;]\" \/>\n<meta property=\"og:url\" content=\"https:\/\/femevi.es\/ca\/neteja-de-decantadors-separadors\/\" \/>\n<meta property=\"og:site_name\" content=\"Femevi\" \/>\n<meta property=\"article:modified_time\" content=\"2025-12-24T10:01:39+00:00\" \/>\n<meta property=\"og:image\" content=\"https:\/\/femevi.es\/wp-content\/uploads\/2025\/09\/Limpiezas-especializadas-Femevi-scaled.jpg\" \/>\n\t<meta property=\"og:image:width\" content=\"2560\" \/>\n\t<meta property=\"og:image:height\" content=\"406\" \/>\n\t<meta property=\"og:image:type\" content=\"image\/jpeg\" \/>\n<meta name=\"twitter:card\" content=\"summary_large_image\" \/>\n<meta name=\"twitter:label1\" content=\"Est. reading time\" \/>\n\t<meta name=\"twitter:data1\" content=\"1 minute\" \/>\n<script type=\"application\/ld+json\" class=\"yoast-schema-graph\">{\"@context\":\"https:\/\/schema.org\",\"@graph\":[{\"@type\":\"WebPage\",\"@id\":\"https:\/\/femevi.es\/ca\/neteja-de-decantadors-separadors\/\",\"url\":\"https:\/\/femevi.es\/ca\/neteja-de-decantadors-separadors\/\",\"name\":\"Neteja de decantadors \/ separadors - Femevi\",\"isPartOf\":{\"@id\":\"https:\/\/femevi.es\/ca\/#website\"},\"primaryImageOfPage\":{\"@id\":\"https:\/\/femevi.es\/ca\/neteja-de-decantadors-separadors\/#primaryimage\"},\"image\":{\"@id\":\"https:\/\/femevi.es\/ca\/neteja-de-decantadors-separadors\/#primaryimage\"},\"thumbnailUrl\":\"https:\/\/femevi.es\/wp-content\/uploads\/2025\/09\/Limpiezas-especializadas-Femevi-1536x244.jpg\",\"datePublished\":\"2025-07-01T10:03:12+00:00\",\"dateModified\":\"2025-12-24T10:01:39+00:00\",\"breadcrumb\":{\"@id\":\"https:\/\/femevi.es\/ca\/neteja-de-decantadors-separadors\/#breadcrumb\"},\"inLanguage\":\"CAT\",\"potentialAction\":[{\"@type\":\"ReadAction\",\"target\":[\"https:\/\/femevi.es\/ca\/neteja-de-decantadors-separadors\/\"]}]},{\"@type\":\"ImageObject\",\"inLanguage\":\"CAT\",\"@id\":\"https:\/\/femevi.es\/ca\/neteja-de-decantadors-separadors\/#primaryimage\",\"url\":\"https:\/\/femevi.es\/wp-content\/uploads\/2025\/09\/Limpiezas-especializadas-Femevi-1536x244.jpg\",\"contentUrl\":\"https:\/\/femevi.es\/wp-content\/uploads\/2025\/09\/Limpiezas-especializadas-Femevi-1536x244.jpg\"},{\"@type\":\"BreadcrumbList\",\"@id\":\"https:\/\/femevi.es\/ca\/neteja-de-decantadors-separadors\/#breadcrumb\",\"itemListElement\":[{\"@type\":\"ListItem\",\"position\":1,\"name\":\"Portada\",\"item\":\"https:\/\/femevi.es\/ca\/\"},{\"@type\":\"ListItem\",\"position\":2,\"name\":\"Neteja de decantadors \/ separadors\"}]},{\"@type\":\"WebSite\",\"@id\":\"https:\/\/femevi.es\/ca\/#website\",\"url\":\"https:\/\/femevi.es\/ca\/\",\"name\":\"Femevi\",\"description\":\"Expertos en la gesti\u00f3n integral de residuos\",\"potentialAction\":[{\"@type\":\"SearchAction\",\"target\":{\"@type\":\"EntryPoint\",\"urlTemplate\":\"https:\/\/femevi.es\/ca\/?s={search_term_string}\"},\"query-input\":{\"@type\":\"PropertyValueSpecification\",\"valueRequired\":true,\"valueName\":\"search_term_string\"}}],\"inLanguage\":\"CAT\"}]}<\/script>\n<!-- \/ Yoast SEO plugin. -->","yoast_head_json":{"title":"Neteja de decantadors \/ separadors - Femevi","robots":{"index":"index","follow":"follow","max-snippet":"max-snippet:-1","max-image-preview":"max-image-preview:large","max-video-preview":"max-video-preview:-1"},"canonical":"https:\/\/femevi.es\/ca\/neteja-de-decantadors-separadors\/","og_locale":"en_US","og_type":"article","og_title":"Neteja de decantadors \/ separadors - Femevi","og_description":"Servei de Neteja de Decantadors i Separadors d&#8217;Hidrocarburs A Femevi, oferim un servei especialitzat en la neteja de decantadors, separadors d&#8217;hidrocarburs i greixos. Comptem amb una flota de vehicles adaptada a les necessitats espec\u00edfiques de cada client, des de camions lleugers per a accessos dif\u00edcils fins a camions de gran capacitat per a treballs de [&hellip;]","og_url":"https:\/\/femevi.es\/ca\/neteja-de-decantadors-separadors\/","og_site_name":"Femevi","article_modified_time":"2025-12-24T10:01:39+00:00","og_image":[{"width":2560,"height":406,"url":"https:\/\/femevi.es\/wp-content\/uploads\/2025\/09\/Limpiezas-especializadas-Femevi-scaled.jpg","type":"image\/jpeg"}],"twitter_card":"summary_large_image","twitter_misc":{"Est. reading time":"1 minute"},"schema":{"@context":"https:\/\/schema.org","@graph":[{"@type":"WebPage","@id":"https:\/\/femevi.es\/ca\/neteja-de-decantadors-separadors\/","url":"https:\/\/femevi.es\/ca\/neteja-de-decantadors-separadors\/","name":"Neteja de decantadors \/ separadors - Femevi","isPartOf":{"@id":"https:\/\/femevi.es\/ca\/#website"},"primaryImageOfPage":{"@id":"https:\/\/femevi.es\/ca\/neteja-de-decantadors-separadors\/#primaryimage"},"image":{"@id":"https:\/\/femevi.es\/ca\/neteja-de-decantadors-separadors\/#primaryimage"},"thumbnailUrl":"https:\/\/femevi.es\/wp-content\/uploads\/2025\/09\/Limpiezas-especializadas-Femevi-1536x244.jpg","datePublished":"2025-07-01T10:03:12+00:00","dateModified":"2025-12-24T10:01:39+00:00","breadcrumb":{"@id":"https:\/\/femevi.es\/ca\/neteja-de-decantadors-separadors\/#breadcrumb"},"inLanguage":"CAT","potentialAction":[{"@type":"ReadAction","target":["https:\/\/femevi.es\/ca\/neteja-de-decantadors-separadors\/"]}]},{"@type":"ImageObject","inLanguage":"CAT","@id":"https:\/\/femevi.es\/ca\/neteja-de-decantadors-separadors\/#primaryimage","url":"https:\/\/femevi.es\/wp-content\/uploads\/2025\/09\/Limpiezas-especializadas-Femevi-1536x244.jpg","contentUrl":"https:\/\/femevi.es\/wp-content\/uploads\/2025\/09\/Limpiezas-especializadas-Femevi-1536x244.jpg"},{"@type":"BreadcrumbList","@id":"https:\/\/femevi.es\/ca\/neteja-de-decantadors-separadors\/#breadcrumb","itemListElement":[{"@type":"ListItem","position":1,"name":"Portada","item":"https:\/\/femevi.es\/ca\/"},{"@type":"ListItem","position":2,"name":"Neteja de decantadors \/ separadors"}]},{"@type":"WebSite","@id":"https:\/\/femevi.es\/ca\/#website","url":"https:\/\/femevi.es\/ca\/","name":"Femevi","description":"Expertos en la gesti\u00f3n integral de residuos","potentialAction":[{"@type":"SearchAction","target":{"@type":"EntryPoint","urlTemplate":"https:\/\/femevi.es\/ca\/?s={search_term_string}"},"query-input":{"@type":"PropertyValueSpecification","valueRequired":true,"valueName":"search_term_string"}}],"inLanguage":"CAT"}]}},"_links":{"self":[{"href":"https:\/\/femevi.es\/ca\/wp-json\/wp\/v2\/pages\/2502","targetHints":{"allow":["GET"]}}],"collection":[{"href":"https:\/\/femevi.es\/ca\/wp-json\/wp\/v2\/pages"}],"about":[{"href":"https:\/\/femevi.es\/ca\/wp-json\/wp\/v2\/types\/page"}],"author":[{"embeddable":true,"href":"https:\/\/femevi.es\/ca\/wp-json\/wp\/v2\/users\/1"}],"replies":[{"embeddable":true,"href":"https:\/\/femevi.es\/ca\/wp-json\/wp\/v2\/comments?post=2502"}],"version-history":[{"count":1,"href":"https:\/\/femevi.es\/ca\/wp-json\/wp\/v2\/pages\/2502\/revisions"}],"predecessor-version":[{"id":2518,"href":"https:\/\/femevi.es\/ca\/wp-json\/wp\/v2\/pages\/2502\/revisions\/2518"}],"wp:attachment":[{"href":"https:\/\/femevi.es\/ca\/wp-json\/wp\/v2\/media?parent=2502"}],"curies":[{"name":"wp","href":"https:\/\/api.w.org\/{rel}","templated":true}]}}