{"id":2595,"date":"2025-05-06T20:11:42","date_gmt":"2025-05-06T18:11:42","guid":{"rendered":"https:\/\/femevi.es\/les-nostres-installacions\/"},"modified":"2025-12-24T11:02:30","modified_gmt":"2025-12-24T10:02:30","slug":"les-nostres-installacions","status":"publish","type":"page","link":"https:\/\/femevi.es\/ca\/les-nostres-installacions\/","title":{"rendered":"Les nostres instal\u00b7lacions"},"content":{"rendered":"\t\t<div data-elementor-type=\"wp-page\" data-elementor-id=\"2595\" class=\"elementor elementor-2595 elementor-392\" data-elementor-post-type=\"page\">\n\t\t\t\t<div class=\"elementor-element elementor-element-9ab103a e-flex e-con-boxed e-con e-parent\" data-id=\"9ab103a\" data-element_type=\"container\" data-e-type=\"container\">\n\t\t\t\t\t<div class=\"e-con-inner\">\n\t\t<div class=\"elementor-element elementor-element-ceeeb38 e-con-full e-flex e-con e-child\" data-id=\"ceeeb38\" data-element_type=\"container\" data-e-type=\"container\">\n\t\t\t\t<div class=\"elementor-element elementor-element-f73a491 elementor-widget elementor-widget-heading\" data-id=\"f73a491\" data-element_type=\"widget\" data-e-type=\"widget\" data-widget_type=\"heading.default\">\n\t\t\t\t<div class=\"elementor-widget-container\">\n\t\t\t\t\t<h2 class=\"elementor-heading-title elementor-size-default\">Les nostres instal\u00b7lacions<\/h2>\t\t\t\t<\/div>\n\t\t\t\t<\/div>\n\t\t\t\t<div class=\"elementor-element elementor-element-a8aff8a elementor-widget elementor-widget-heading\" data-id=\"a8aff8a\" data-element_type=\"widget\" data-e-type=\"widget\" data-widget_type=\"heading.default\">\n\t\t\t\t<div class=\"elementor-widget-container\">\n\t\t\t\t\t<h3 class=\"elementor-heading-title elementor-size-default\">Instal\u00b7lacions per a un Reciclatge Eficient<\/h3>\t\t\t\t<\/div>\n\t\t\t\t<\/div>\n\t\t\t\t<div class=\"elementor-element elementor-element-9fb287e elementor-widget elementor-widget-text-editor\" data-id=\"9fb287e\" data-element_type=\"widget\" data-e-type=\"widget\" data-widget_type=\"text-editor.default\">\n\t\t\t\t<div class=\"elementor-widget-container\">\n\t\t\t\t\t\t\t\t\t<p>Ubicades a Vilamalla (Girona), les nostres instal\u00b7lacions abasten m\u00e9s de 12.000 m\u00b2 dedicats a la gesti\u00f3 de residus perillosos i no perillosos. La planta est\u00e0 equipada amb tecnologia per al tractament de residus l\u00edquids mitjan\u00e7ant evaporaci\u00f3 i centrifugaci\u00f3. A m\u00e9s, comptem amb maquin\u00e0ria especialitzada per a desballestaments industrials, com ara cisalles i premsa-cisalla per processar residus f\u00e8rrics.  <\/p>\t\t\t\t\t\t\t\t<\/div>\n\t\t\t\t<\/div>\n\t\t\t\t<\/div>\n\t\t<div class=\"elementor-element elementor-element-438e0e2 e-con-full e-flex e-con e-child\" data-id=\"438e0e2\" data-element_type=\"container\" data-e-type=\"container\">\n\t\t\t\t<div class=\"elementor-element elementor-element-a667107 elementor-widget elementor-widget-text-editor\" data-id=\"a667107\" data-element_type=\"widget\" data-e-type=\"widget\" data-widget_type=\"text-editor.default\">\n\t\t\t\t<div class=\"elementor-widget-container\">\n\t\t\t\t\t\t\t\t\t<p>+12.000m<sup>2<\/sup><\/p>\t\t\t\t\t\t\t\t<\/div>\n\t\t\t\t<\/div>\n\t\t\t\t<\/div>\n\t\t<div class=\"elementor-element elementor-element-a583745 e-con-full e-flex e-con e-child\" data-id=\"a583745\" data-element_type=\"container\" data-e-type=\"container\">\n\t\t\t\t<div class=\"elementor-element elementor-element-00fff20 elementor-widget elementor-widget-image\" data-id=\"00fff20\" data-element_type=\"widget\" data-e-type=\"widget\" data-widget_type=\"image.default\">\n\t\t\t\t<div class=\"elementor-widget-container\">\n\t\t\t\t\t\t\t\t\t\t\t\t\t\t\t<img fetchpriority=\"high\" decoding=\"async\" width=\"393\" height=\"392\" src=\"https:\/\/femevi.es\/wp-content\/uploads\/2025\/05\/Planta-centrifugado-evaporacion-Femevi.png\" class=\"attachment-large size-large wp-image-2597\" alt=\"\" srcset=\"https:\/\/femevi.es\/wp-content\/uploads\/2025\/05\/Planta-centrifugado-evaporacion-Femevi.png 393w, https:\/\/femevi.es\/wp-content\/uploads\/2025\/05\/Planta-centrifugado-evaporacion-Femevi-300x300.png 300w, https:\/\/femevi.es\/wp-content\/uploads\/2025\/05\/Planta-centrifugado-evaporacion-Femevi-150x150.png 150w\" sizes=\"(max-width: 393px) 100vw, 393px\" \/>\t\t\t\t\t\t\t\t\t\t\t\t\t\t\t<\/div>\n\t\t\t\t<\/div>\n\t\t\t\t<\/div>\n\t\t<div class=\"elementor-element elementor-element-9f8228f e-con-full e-flex e-con e-child\" data-id=\"9f8228f\" data-element_type=\"container\" data-e-type=\"container\">\n\t\t<div class=\"elementor-element elementor-element-5cc3fb7 e-con-full e-flex e-con e-child\" data-id=\"5cc3fb7\" data-element_type=\"container\" data-e-type=\"container\">\n\t\t\t\t<div class=\"elementor-element elementor-element-15bcc4e elementor-widget elementor-widget-text-editor\" data-id=\"15bcc4e\" data-element_type=\"widget\" data-e-type=\"widget\" data-widget_type=\"text-editor.default\">\n\t\t\t\t<div class=\"elementor-widget-container\">\n\t\t\t\t\t\t\t\t\t<ul><li>Planta de reciclatge<\/li><li>Centre CRT<\/li><li>Planta de tractament de pintures<\/li><li>Planta d&#8217;evaporaci\u00f3 i centrifugaci\u00f3<\/li><li>Planta de tractament de residus aquosos perillosos<\/li><\/ul>\t\t\t\t\t\t\t\t<\/div>\n\t\t\t\t<\/div>\n\t\t\t\t<\/div>\n\t\t\t\t<\/div>\n\t\t<div class=\"elementor-element elementor-element-bd6f4b0 e-con-full e-flex e-con e-child\" data-id=\"bd6f4b0\" data-element_type=\"container\" data-e-type=\"container\">\n\t\t\t\t<div class=\"elementor-element elementor-element-273b5c0 elementor-widget elementor-widget-image\" data-id=\"273b5c0\" data-element_type=\"widget\" data-e-type=\"widget\" data-widget_type=\"image.default\">\n\t\t\t\t<div class=\"elementor-widget-container\">\n\t\t\t\t\t\t\t\t\t\t\t\t\t\t\t<img decoding=\"async\" width=\"800\" height=\"387\" src=\"https:\/\/femevi.es\/wp-content\/uploads\/2025\/05\/Instalaciones-Femevi.png\" class=\"attachment-large size-large wp-image-2598\" alt=\"\" srcset=\"https:\/\/femevi.es\/wp-content\/uploads\/2025\/05\/Instalaciones-Femevi.png 810w, https:\/\/femevi.es\/wp-content\/uploads\/2025\/05\/Instalaciones-Femevi-300x145.png 300w, https:\/\/femevi.es\/wp-content\/uploads\/2025\/05\/Instalaciones-Femevi-768x372.png 768w\" sizes=\"(max-width: 800px) 100vw, 800px\" \/>\t\t\t\t\t\t\t\t\t\t\t\t\t\t\t<\/div>\n\t\t\t\t<\/div>\n\t\t\t\t<\/div>\n\t\t<div class=\"elementor-element elementor-element-d0e799e e-con-full e-flex e-con e-child\" data-id=\"d0e799e\" data-element_type=\"container\" data-e-type=\"container\">\n\t\t<div class=\"elementor-element elementor-element-6878104 e-con-full elementor-hidden-tablet e-flex e-con e-child\" data-id=\"6878104\" data-element_type=\"container\" data-e-type=\"container\" data-settings=\"{&quot;background_background&quot;:&quot;classic&quot;}\">\n\t\t\t\t<\/div>\n\t\t\t\t<\/div>\n\t\t\t\t\t<\/div>\n\t\t\t\t<\/div>\n\t\t\t\t<\/div>\n\t\t","protected":false},"excerpt":{"rendered":"<p>Les nostres instal\u00b7lacions Instal\u00b7lacions per a un Reciclatge Eficient Ubicades a Vilamalla (Girona), les nostres instal\u00b7lacions abasten m\u00e9s de 12.000 m\u00b2 dedicats a la gesti\u00f3 de residus perillosos i no perillosos. La planta est\u00e0 equipada amb tecnologia per al tractament de residus l\u00edquids mitjan\u00e7ant evaporaci\u00f3 i centrifugaci\u00f3. A m\u00e9s, comptem amb maquin\u00e0ria especialitzada per a [&hellip;]<\/p>\n","protected":false},"author":1,"featured_media":0,"parent":0,"menu_order":0,"comment_status":"closed","ping_status":"closed","template":"elementor_header_footer","meta":{"footnotes":""},"class_list":["post-2595","page","type-page","status-publish","hentry"],"yoast_head":"<!-- This site is optimized with the Yoast SEO plugin v27.0 - https:\/\/yoast.com\/product\/yoast-seo-wordpress\/ -->\n<title>Les nostres instal\u00b7lacions - Femevi<\/title>\n<meta name=\"robots\" content=\"index, follow, max-snippet:-1, max-image-preview:large, max-video-preview:-1\" \/>\n<link rel=\"canonical\" href=\"https:\/\/femevi.es\/ca\/les-nostres-installacions\/\" \/>\n<meta property=\"og:locale\" content=\"en_US\" \/>\n<meta property=\"og:type\" content=\"article\" \/>\n<meta property=\"og:title\" content=\"Les nostres instal\u00b7lacions - Femevi\" \/>\n<meta property=\"og:description\" content=\"Les nostres instal\u00b7lacions Instal\u00b7lacions per a un Reciclatge Eficient Ubicades a Vilamalla (Girona), les nostres instal\u00b7lacions abasten m\u00e9s de 12.000 m\u00b2 dedicats a la gesti\u00f3 de residus perillosos i no perillosos. La planta est\u00e0 equipada amb tecnologia per al tractament de residus l\u00edquids mitjan\u00e7ant evaporaci\u00f3 i centrifugaci\u00f3. A m\u00e9s, comptem amb maquin\u00e0ria especialitzada per a [&hellip;]\" \/>\n<meta property=\"og:url\" content=\"https:\/\/femevi.es\/ca\/les-nostres-installacions\/\" \/>\n<meta property=\"og:site_name\" content=\"Femevi\" \/>\n<meta property=\"article:modified_time\" content=\"2025-12-24T10:02:30+00:00\" \/>\n<meta property=\"og:image\" content=\"https:\/\/femevi.es\/wp-content\/uploads\/2025\/05\/Planta-centrifugado-evaporacion-Femevi.png\" \/>\n\t<meta property=\"og:image:width\" content=\"393\" \/>\n\t<meta property=\"og:image:height\" content=\"392\" \/>\n\t<meta property=\"og:image:type\" content=\"image\/png\" \/>\n<meta name=\"twitter:card\" content=\"summary_large_image\" \/>\n<script type=\"application\/ld+json\" class=\"yoast-schema-graph\">{\"@context\":\"https:\/\/schema.org\",\"@graph\":[{\"@type\":\"WebPage\",\"@id\":\"https:\/\/femevi.es\/ca\/les-nostres-installacions\/\",\"url\":\"https:\/\/femevi.es\/ca\/les-nostres-installacions\/\",\"name\":\"Les nostres instal\u00b7lacions - Femevi\",\"isPartOf\":{\"@id\":\"https:\/\/femevi.es\/ca\/#website\"},\"primaryImageOfPage\":{\"@id\":\"https:\/\/femevi.es\/ca\/les-nostres-installacions\/#primaryimage\"},\"image\":{\"@id\":\"https:\/\/femevi.es\/ca\/les-nostres-installacions\/#primaryimage\"},\"thumbnailUrl\":\"https:\/\/femevi.es\/wp-content\/uploads\/2025\/05\/Planta-centrifugado-evaporacion-Femevi.png\",\"datePublished\":\"2025-05-06T18:11:42+00:00\",\"dateModified\":\"2025-12-24T10:02:30+00:00\",\"breadcrumb\":{\"@id\":\"https:\/\/femevi.es\/ca\/les-nostres-installacions\/#breadcrumb\"},\"inLanguage\":\"CAT\",\"potentialAction\":[{\"@type\":\"ReadAction\",\"target\":[\"https:\/\/femevi.es\/ca\/les-nostres-installacions\/\"]}]},{\"@type\":\"ImageObject\",\"inLanguage\":\"CAT\",\"@id\":\"https:\/\/femevi.es\/ca\/les-nostres-installacions\/#primaryimage\",\"url\":\"https:\/\/femevi.es\/wp-content\/uploads\/2025\/05\/Planta-centrifugado-evaporacion-Femevi.png\",\"contentUrl\":\"https:\/\/femevi.es\/wp-content\/uploads\/2025\/05\/Planta-centrifugado-evaporacion-Femevi.png\"},{\"@type\":\"BreadcrumbList\",\"@id\":\"https:\/\/femevi.es\/ca\/les-nostres-installacions\/#breadcrumb\",\"itemListElement\":[{\"@type\":\"ListItem\",\"position\":1,\"name\":\"Portada\",\"item\":\"https:\/\/femevi.es\/ca\/\"},{\"@type\":\"ListItem\",\"position\":2,\"name\":\"Les nostres instal\u00b7lacions\"}]},{\"@type\":\"WebSite\",\"@id\":\"https:\/\/femevi.es\/ca\/#website\",\"url\":\"https:\/\/femevi.es\/ca\/\",\"name\":\"Femevi\",\"description\":\"Expertos en la gesti\u00f3n integral de residuos\",\"potentialAction\":[{\"@type\":\"SearchAction\",\"target\":{\"@type\":\"EntryPoint\",\"urlTemplate\":\"https:\/\/femevi.es\/ca\/?s={search_term_string}\"},\"query-input\":{\"@type\":\"PropertyValueSpecification\",\"valueRequired\":true,\"valueName\":\"search_term_string\"}}],\"inLanguage\":\"CAT\"}]}<\/script>\n<!-- \/ Yoast SEO plugin. -->","yoast_head_json":{"title":"Les nostres instal\u00b7lacions - Femevi","robots":{"index":"index","follow":"follow","max-snippet":"max-snippet:-1","max-image-preview":"max-image-preview:large","max-video-preview":"max-video-preview:-1"},"canonical":"https:\/\/femevi.es\/ca\/les-nostres-installacions\/","og_locale":"en_US","og_type":"article","og_title":"Les nostres instal\u00b7lacions - Femevi","og_description":"Les nostres instal\u00b7lacions Instal\u00b7lacions per a un Reciclatge Eficient Ubicades a Vilamalla (Girona), les nostres instal\u00b7lacions abasten m\u00e9s de 12.000 m\u00b2 dedicats a la gesti\u00f3 de residus perillosos i no perillosos. La planta est\u00e0 equipada amb tecnologia per al tractament de residus l\u00edquids mitjan\u00e7ant evaporaci\u00f3 i centrifugaci\u00f3. A m\u00e9s, comptem amb maquin\u00e0ria especialitzada per a [&hellip;]","og_url":"https:\/\/femevi.es\/ca\/les-nostres-installacions\/","og_site_name":"Femevi","article_modified_time":"2025-12-24T10:02:30+00:00","og_image":[{"width":393,"height":392,"url":"https:\/\/femevi.es\/wp-content\/uploads\/2025\/05\/Planta-centrifugado-evaporacion-Femevi.png","type":"image\/png"}],"twitter_card":"summary_large_image","schema":{"@context":"https:\/\/schema.org","@graph":[{"@type":"WebPage","@id":"https:\/\/femevi.es\/ca\/les-nostres-installacions\/","url":"https:\/\/femevi.es\/ca\/les-nostres-installacions\/","name":"Les nostres instal\u00b7lacions - Femevi","isPartOf":{"@id":"https:\/\/femevi.es\/ca\/#website"},"primaryImageOfPage":{"@id":"https:\/\/femevi.es\/ca\/les-nostres-installacions\/#primaryimage"},"image":{"@id":"https:\/\/femevi.es\/ca\/les-nostres-installacions\/#primaryimage"},"thumbnailUrl":"https:\/\/femevi.es\/wp-content\/uploads\/2025\/05\/Planta-centrifugado-evaporacion-Femevi.png","datePublished":"2025-05-06T18:11:42+00:00","dateModified":"2025-12-24T10:02:30+00:00","breadcrumb":{"@id":"https:\/\/femevi.es\/ca\/les-nostres-installacions\/#breadcrumb"},"inLanguage":"CAT","potentialAction":[{"@type":"ReadAction","target":["https:\/\/femevi.es\/ca\/les-nostres-installacions\/"]}]},{"@type":"ImageObject","inLanguage":"CAT","@id":"https:\/\/femevi.es\/ca\/les-nostres-installacions\/#primaryimage","url":"https:\/\/femevi.es\/wp-content\/uploads\/2025\/05\/Planta-centrifugado-evaporacion-Femevi.png","contentUrl":"https:\/\/femevi.es\/wp-content\/uploads\/2025\/05\/Planta-centrifugado-evaporacion-Femevi.png"},{"@type":"BreadcrumbList","@id":"https:\/\/femevi.es\/ca\/les-nostres-installacions\/#breadcrumb","itemListElement":[{"@type":"ListItem","position":1,"name":"Portada","item":"https:\/\/femevi.es\/ca\/"},{"@type":"ListItem","position":2,"name":"Les nostres instal\u00b7lacions"}]},{"@type":"WebSite","@id":"https:\/\/femevi.es\/ca\/#website","url":"https:\/\/femevi.es\/ca\/","name":"Femevi","description":"Expertos en la gesti\u00f3n integral de residuos","potentialAction":[{"@type":"SearchAction","target":{"@type":"EntryPoint","urlTemplate":"https:\/\/femevi.es\/ca\/?s={search_term_string}"},"query-input":{"@type":"PropertyValueSpecification","valueRequired":true,"valueName":"search_term_string"}}],"inLanguage":"CAT"}]}},"_links":{"self":[{"href":"https:\/\/femevi.es\/ca\/wp-json\/wp\/v2\/pages\/2595","targetHints":{"allow":["GET"]}}],"collection":[{"href":"https:\/\/femevi.es\/ca\/wp-json\/wp\/v2\/pages"}],"about":[{"href":"https:\/\/femevi.es\/ca\/wp-json\/wp\/v2\/types\/page"}],"author":[{"embeddable":true,"href":"https:\/\/femevi.es\/ca\/wp-json\/wp\/v2\/users\/1"}],"replies":[{"embeddable":true,"href":"https:\/\/femevi.es\/ca\/wp-json\/wp\/v2\/comments?post=2595"}],"version-history":[{"count":1,"href":"https:\/\/femevi.es\/ca\/wp-json\/wp\/v2\/pages\/2595\/revisions"}],"predecessor-version":[{"id":2601,"href":"https:\/\/femevi.es\/ca\/wp-json\/wp\/v2\/pages\/2595\/revisions\/2601"}],"wp:attachment":[{"href":"https:\/\/femevi.es\/ca\/wp-json\/wp\/v2\/media?parent=2595"}],"curies":[{"name":"wp","href":"https:\/\/api.w.org\/{rel}","templated":true}]}}